{"id":124988,"date":"2024-02-27T15:55:48","date_gmt":"2024-02-27T14:55:48","guid":{"rendered":"https:\/\/www.egibide.org\/?page_id=124988"},"modified":"2024-02-27T21:51:58","modified_gmt":"2024-02-27T20:51:58","slug":"modalidad-de-ciencia-y-tecnologia","status":"publish","type":"page","link":"https:\/\/www.egibide.org\/eu\/hezkuntza-eskaintza\/bachillerato\/modalidad-de-ciencia-y-tecnologia\/","title":{"rendered":"Modalidad de Ciencia y Tecnolog\u00eda"},"content":{"rendered":"<div class='flex_column_table av-19tmv274-3e9629b49a56c7b5c0b803978070d0c1 sc-av_one_half av-equal-height-column-flextable'>\n<style type=\"text\/css\" data-created_by=\"avia_inline_auto\" id=\"style-css-av-19tmv274-3e9629b49a56c7b5c0b803978070d0c1\">\n#top .flex_column_table.av-equal-height-column-flextable.av-19tmv274-3e9629b49a56c7b5c0b803978070d0c1{\nmargin-top:0px;\nmargin-bottom:0px;\n}\n.flex_column.av-19tmv274-3e9629b49a56c7b5c0b803978070d0c1{\nborder-radius:0px 0px 0px 0px;\n-webkit-border-radius:0px 0px 0px 0px;\n-moz-border-radius:0px 0px 0px 0px;\npadding:10px 10px 10px 10px;\nbackground-color:#f7f7f7;\n}\n<\/style>\n<div class='flex_column av-19tmv274-3e9629b49a56c7b5c0b803978070d0c1 av_one_half  avia-builder-el-0  el_before_av_one_half  avia-builder-el-first  first no_margin flex_column_table_cell av-equal-height-column av-align-middle '   ><section class=\"av_textblock_section \"  itemscope=\"itemscope\" itemtype=\"https:\/\/schema.org\/CreativeWork\" ><div class='avia_textblock  '   itemprop=\"text\" ><h2>Ciencia y tecnolog\u00eda<\/h2>\n<\/div><\/section><\/div>\n<style type=\"text\/css\" data-created_by=\"avia_inline_auto\" id=\"style-css-av-zn2zmcg-c754b991f3c04b43df82a5df5163db6f\">\n#top .flex_column_table.av-equal-height-column-flextable.av-zn2zmcg-c754b991f3c04b43df82a5df5163db6f{\nmargin-top:0px;\nmargin-bottom:0px;\n}\n.flex_column.av-zn2zmcg-c754b991f3c04b43df82a5df5163db6f{\nborder-radius:0px 0px 0px 0px;\n-webkit-border-radius:0px 0px 0px 0px;\n-moz-border-radius:0px 0px 0px 0px;\npadding:10px 10px 10px 10px;\nbackground-color:#f7f7f7;\n}\n<\/style>\n<div class='flex_column av-zn2zmcg-c754b991f3c04b43df82a5df5163db6f av_one_half  avia-builder-el-2  el_after_av_one_half  el_before_av_hr  no_margin flex_column_table_cell av-equal-height-column av-align-middle '   ><div  class='avia-button-wrap avia-button-center  avia-builder-el-3  avia-builder-el-no-sibling ' ><a href='https:\/\/www.egibide.org\/file\/2020\/02\/cuadernillo-ciencias-2020-2021.pdf'  class='avia-button av-txebjq8-8302fb25c356981535fb5a92acb80019 avia-icon_select-yes-left-icon avia-size-small avia-position-center avia-color-theme-color ' ><span class='avia_button_icon avia_button_icon_left' aria-hidden='true' data-av_icon='\ue84b' data-av_iconfont='entypo-fontello'><\/span><span class='avia_iconbox_title' >Para m\u00e1s informaci\u00f3n, haz click<\/span><\/a><\/div><\/div><\/div><!--close column table wrapper. Autoclose: 1 --><\/p>\n\n<style type=\"text\/css\" data-created_by=\"avia_inline_auto\" id=\"style-css-av-pre9yxs-e69b3b8d03ecd2495ff5a9c4d8a0ce68\">\n#top .hr.hr-invisible.av-pre9yxs-e69b3b8d03ecd2495ff5a9c4d8a0ce68{\nheight:25px;\n}\n<\/style>\n<div  class='hr av-pre9yxs-e69b3b8d03ecd2495ff5a9c4d8a0ce68 hr-invisible  avia-builder-el-4  el_after_av_one_half  el_before_av_one_half  '><span class='hr-inner '><span class=\"hr-inner-style\"><\/span><\/span><\/div>\n\n<style type=\"text\/css\" data-created_by=\"avia_inline_auto\" id=\"style-css-av-j1cdp28-f1a954c6ce7f08188c3eef3f52924192\">\n#top .flex_column.av-j1cdp28-f1a954c6ce7f08188c3eef3f52924192{\nmargin-top:0px;\nmargin-bottom:0px;\n}\n.flex_column.av-j1cdp28-f1a954c6ce7f08188c3eef3f52924192{\nborder-radius:0px 0px 0px 0px;\n-webkit-border-radius:0px 0px 0px 0px;\n-moz-border-radius:0px 0px 0px 0px;\n}\n.responsive #top #wrap_all .flex_column.av-j1cdp28-f1a954c6ce7f08188c3eef3f52924192{\nmargin-top:0px;\nmargin-bottom:0px;\n}\n<\/style>\n<div class='flex_column av-j1cdp28-f1a954c6ce7f08188c3eef3f52924192 av_one_half  avia-builder-el-5  el_after_av_hr  el_before_av_one_half  first flex_column_div av-zero-column-padding '   ><section class=\"av_textblock_section \"  itemscope=\"itemscope\" itemtype=\"https:\/\/schema.org\/CreativeWork\" ><div class='avia_textblock  '   itemprop=\"text\" ><h5>\u00bfD\u00f3nde se estudia?<\/h5>\n<ul>\n<li>Jes\u00fas Obrero modelos A y B.<\/li>\n<li>Nieves Cano modelos B y D.<\/li>\n<\/ul>\n<h5>\u00bfQu\u00e9 se estudia?<\/h5>\n<ul>\n<li style=\"font-weight: 400;\" aria-level=\"1\"><span style=\"font-weight: 400;\">Asignaturas comunes, de <\/span> <span style=\"font-weight: 400;\">modalidad y optativas.<\/span><\/li>\n<li style=\"font-weight: 400;\" aria-level=\"1\"><span style=\"font-weight: 400;\">Itinerarios de humanidades y de ciencias sociales.<\/span><\/li>\n<li aria-level=\"1\"><a href=\"https:\/\/www.egibide.org\/file\/2024\/02\/foto-bach-general.pdf\">Consulta m\u00e1s informaci\u00f3n<\/a><\/li>\n<\/ul>\n<h5>\u00bfQu\u00e9 puedo estudiar despu\u00e9s?<\/h5>\n<ul>\n<li>Un Ciclo de Grado Superior.<\/li>\n<li>Un Grado Universitario.<\/li>\n<li><a href=\"https:\/\/www.egibide.org\/file\/2024\/02\/foto-bach-general.pdf\">Consulta m\u00e1s informaci\u00f3n<\/a><\/li>\n<\/ul>\n<\/div><\/section><\/div>\n\n<style type=\"text\/css\" data-created_by=\"avia_inline_auto\" id=\"style-css-av-9s75v6o-df4eb5d3db583941b2a1b58a0254c8f1\">\n#top .flex_column.av-9s75v6o-df4eb5d3db583941b2a1b58a0254c8f1{\nmargin-top:0px;\nmargin-bottom:0px;\n}\n.flex_column.av-9s75v6o-df4eb5d3db583941b2a1b58a0254c8f1{\nborder-radius:0px 0px 0px 0px;\n-webkit-border-radius:0px 0px 0px 0px;\n-moz-border-radius:0px 0px 0px 0px;\n}\n.responsive #top #wrap_all .flex_column.av-9s75v6o-df4eb5d3db583941b2a1b58a0254c8f1{\nmargin-top:0px;\nmargin-bottom:0px;\n}\n<\/style>\n<div class='flex_column av-9s75v6o-df4eb5d3db583941b2a1b58a0254c8f1 av_one_half  avia-builder-el-7  el_after_av_one_half  avia-builder-el-last  flex_column_div av-zero-column-padding '   ><section class=\"av_textblock_section \"  itemscope=\"itemscope\" itemtype=\"https:\/\/schema.org\/CreativeWork\" ><div class='avia_textblock  '   itemprop=\"text\" ><h5>\u00bfQu\u00e9 m\u00e1s?<\/h5>\n<ul>\n<li aria-level=\"1\">iker2d (Bachillerato de Investigaci\u00f3n).<\/li>\n<\/ul>\n<ul>\n<li aria-level=\"1\">Conexi\u00f3n directa con<a href=\"https:\/\/www.egibide.org\/oferta-educativa\/formacion-profesional-grado-superior\/\"> formaci\u00f3n profesional<\/a>.<\/li>\n<\/ul>\n<ul>\n<li aria-level=\"1\">Tutor\u00eda personalizada.<\/li>\n<\/ul>\n<ul>\n<li aria-level=\"1\">Itinerario formativo completo: Bachillerato, Formaci\u00f3n Profesional y Grado Universitario.<\/li>\n<\/ul>\n<ul>\n<li aria-level=\"1\">Talleres de interioridad y talleres de crecimiento personal.<\/li>\n<\/ul>\n<ul>\n<li style=\"list-style-type: none;\"><\/li>\n<\/ul>\n<p>En nuestras aulas estudian j\u00f3venes provenientes de Vitoria-Gasteiz, Agurain, Trevi\u00f1o, Alegr\u00eda-Dulantzi, Iru\u00f1a de Oca, Araia, Izarra, Arrasate, Murgia&#8230;<\/p>\n<\/div><\/section><\/div>\n","protected":false},"excerpt":{"rendered":"","protected":false},"author":33,"featured_media":0,"parent":4285,"menu_order":0,"comment_status":"closed","ping_status":"closed","template":"template-sitemap.php","meta":{"_acf_changed":false,"footnotes":""},"class_list":["post-124988","page","type-page","status-publish","hentry"],"acf":{"tituloasdasdasd":"","descripcion23":"","cabecera":"","color_fondo":"#81005d","color_text_sd":"#ffffff","popup_activem":false,"compartir_p12":false,"titulo_soc12p":"","popup_egi":null,"crea_menu_visual_oferta_educativa":null},"yoast_head":"<!-- This site is optimized with the Yoast SEO plugin v27.0 - https:\/\/yoast.com\/product\/yoast-seo-wordpress\/ -->\n<title>Modalidad de Ciencia y Tecnolog\u00eda - egibide.org<\/title>\n<meta name=\"robots\" content=\"index, follow, max-snippet:-1, max-image-preview:large, max-video-preview:-1\" \/>\n<link rel=\"canonical\" href=\"https:\/\/www.egibide.org\/eu\/hezkuntza-eskaintza\/bachillerato\/modalidad-de-ciencia-y-tecnologia\/\" \/>\n<meta property=\"og:locale\" content=\"eu_ES\" \/>\n<meta property=\"og:type\" content=\"article\" \/>\n<meta property=\"og:title\" content=\"Modalidad de Ciencia y Tecnolog\u00eda - egibide.org\" \/>\n<meta property=\"og:url\" content=\"https:\/\/www.egibide.org\/eu\/hezkuntza-eskaintza\/bachillerato\/modalidad-de-ciencia-y-tecnologia\/\" \/>\n<meta property=\"og:site_name\" content=\"egibide.org\" \/>\n<meta property=\"article:publisher\" content=\"https:\/\/www.facebook.com\/Egibide\/\" \/>\n<meta property=\"article:modified_time\" content=\"2024-02-27T20:51:58+00:00\" \/>\n<script type=\"application\/ld+json\" class=\"yoast-schema-graph\">{\"@context\":\"https:\/\/schema.org\",\"@graph\":[{\"@type\":\"WebPage\",\"@id\":\"https:\/\/www.egibide.org\/eu\/hezkuntza-eskaintza\/bachillerato\/modalidad-de-ciencia-y-tecnologia\/\",\"url\":\"https:\/\/www.egibide.org\/eu\/hezkuntza-eskaintza\/bachillerato\/modalidad-de-ciencia-y-tecnologia\/\",\"name\":\"Modalidad de Ciencia y Tecnolog\u00eda - egibide.org\",\"isPartOf\":{\"@id\":\"https:\/\/www.egibide.org\/#website\"},\"datePublished\":\"2024-02-27T14:55:48+00:00\",\"dateModified\":\"2024-02-27T20:51:58+00:00\",\"breadcrumb\":{\"@id\":\"https:\/\/www.egibide.org\/eu\/hezkuntza-eskaintza\/bachillerato\/modalidad-de-ciencia-y-tecnologia\/#breadcrumb\"},\"inLanguage\":\"eu-ES\",\"potentialAction\":[{\"@type\":\"ReadAction\",\"target\":[\"https:\/\/www.egibide.org\/eu\/hezkuntza-eskaintza\/bachillerato\/modalidad-de-ciencia-y-tecnologia\/\"]}]},{\"@type\":\"BreadcrumbList\",\"@id\":\"https:\/\/www.egibide.org\/eu\/hezkuntza-eskaintza\/bachillerato\/modalidad-de-ciencia-y-tecnologia\/#breadcrumb\",\"itemListElement\":[{\"@type\":\"ListItem\",\"position\":1,\"name\":\"Hezkuntza Eskaintza\",\"item\":\"https:\/\/www.egibide.org\/eu\/hezkuntza-eskaintza\/\"},{\"@type\":\"ListItem\",\"position\":2,\"name\":\"Batxilergoa\",\"item\":\"https:\/\/www.egibide.org\/eu\/hezkuntza-eskaintza\/bachillerato\/\"},{\"@type\":\"ListItem\",\"position\":3,\"name\":\"Modalidad de Ciencia y Tecnolog\u00eda\"}]},{\"@type\":\"WebSite\",\"@id\":\"https:\/\/www.egibide.org\/#website\",\"url\":\"https:\/\/www.egibide.org\/\",\"name\":\"egibide.org\",\"description\":\"Educaci\u00f3n Secundaria y Formaci\u00f3n Profesional\",\"publisher\":{\"@id\":\"https:\/\/www.egibide.org\/#organization\"},\"potentialAction\":[{\"@type\":\"SearchAction\",\"target\":{\"@type\":\"EntryPoint\",\"urlTemplate\":\"https:\/\/www.egibide.org\/?s={search_term_string}\"},\"query-input\":{\"@type\":\"PropertyValueSpecification\",\"valueRequired\":true,\"valueName\":\"search_term_string\"}}],\"inLanguage\":\"eu-ES\"},{\"@type\":\"Organization\",\"@id\":\"https:\/\/www.egibide.org\/#organization\",\"name\":\"Egibide\",\"url\":\"https:\/\/www.egibide.org\/\",\"logo\":{\"@type\":\"ImageObject\",\"inLanguage\":\"eu-ES\",\"@id\":\"https:\/\/www.egibide.org\/#\/schema\/logo\/image\/\",\"url\":\"https:\/\/www.egibide.org\/file\/2019\/07\/logo_egibide_cuadrado-copia.jpg\",\"contentUrl\":\"https:\/\/www.egibide.org\/file\/2019\/07\/logo_egibide_cuadrado-copia.jpg\",\"width\":1696,\"height\":701,\"caption\":\"Egibide\"},\"image\":{\"@id\":\"https:\/\/www.egibide.org\/#\/schema\/logo\/image\/\"},\"sameAs\":[\"https:\/\/www.facebook.com\/Egibide\/\",\"https:\/\/x.com\/egibide\",\"https:\/\/www.youtube.com\/user\/Egibide\"]}]}<\/script>\n<!-- \/ Yoast SEO plugin. -->","yoast_head_json":{"title":"Modalidad de Ciencia y Tecnolog\u00eda - egibide.org","robots":{"index":"index","follow":"follow","max-snippet":"max-snippet:-1","max-image-preview":"max-image-preview:large","max-video-preview":"max-video-preview:-1"},"canonical":"https:\/\/www.egibide.org\/eu\/hezkuntza-eskaintza\/bachillerato\/modalidad-de-ciencia-y-tecnologia\/","og_locale":"eu_ES","og_type":"article","og_title":"Modalidad de Ciencia y Tecnolog\u00eda - egibide.org","og_url":"https:\/\/www.egibide.org\/eu\/hezkuntza-eskaintza\/bachillerato\/modalidad-de-ciencia-y-tecnologia\/","og_site_name":"egibide.org","article_publisher":"https:\/\/www.facebook.com\/Egibide\/","article_modified_time":"2024-02-27T20:51:58+00:00","schema":{"@context":"https:\/\/schema.org","@graph":[{"@type":"WebPage","@id":"https:\/\/www.egibide.org\/eu\/hezkuntza-eskaintza\/bachillerato\/modalidad-de-ciencia-y-tecnologia\/","url":"https:\/\/www.egibide.org\/eu\/hezkuntza-eskaintza\/bachillerato\/modalidad-de-ciencia-y-tecnologia\/","name":"Modalidad de Ciencia y Tecnolog\u00eda - egibide.org","isPartOf":{"@id":"https:\/\/www.egibide.org\/#website"},"datePublished":"2024-02-27T14:55:48+00:00","dateModified":"2024-02-27T20:51:58+00:00","breadcrumb":{"@id":"https:\/\/www.egibide.org\/eu\/hezkuntza-eskaintza\/bachillerato\/modalidad-de-ciencia-y-tecnologia\/#breadcrumb"},"inLanguage":"eu-ES","potentialAction":[{"@type":"ReadAction","target":["https:\/\/www.egibide.org\/eu\/hezkuntza-eskaintza\/bachillerato\/modalidad-de-ciencia-y-tecnologia\/"]}]},{"@type":"BreadcrumbList","@id":"https:\/\/www.egibide.org\/eu\/hezkuntza-eskaintza\/bachillerato\/modalidad-de-ciencia-y-tecnologia\/#breadcrumb","itemListElement":[{"@type":"ListItem","position":1,"name":"Hezkuntza Eskaintza","item":"https:\/\/www.egibide.org\/eu\/hezkuntza-eskaintza\/"},{"@type":"ListItem","position":2,"name":"Batxilergoa","item":"https:\/\/www.egibide.org\/eu\/hezkuntza-eskaintza\/bachillerato\/"},{"@type":"ListItem","position":3,"name":"Modalidad de Ciencia y Tecnolog\u00eda"}]},{"@type":"WebSite","@id":"https:\/\/www.egibide.org\/#website","url":"https:\/\/www.egibide.org\/","name":"egibide.org","description":"Educaci\u00f3n Secundaria y Formaci\u00f3n Profesional","publisher":{"@id":"https:\/\/www.egibide.org\/#organization"},"potentialAction":[{"@type":"SearchAction","target":{"@type":"EntryPoint","urlTemplate":"https:\/\/www.egibide.org\/?s={search_term_string}"},"query-input":{"@type":"PropertyValueSpecification","valueRequired":true,"valueName":"search_term_string"}}],"inLanguage":"eu-ES"},{"@type":"Organization","@id":"https:\/\/www.egibide.org\/#organization","name":"Egibide","url":"https:\/\/www.egibide.org\/","logo":{"@type":"ImageObject","inLanguage":"eu-ES","@id":"https:\/\/www.egibide.org\/#\/schema\/logo\/image\/","url":"https:\/\/www.egibide.org\/file\/2019\/07\/logo_egibide_cuadrado-copia.jpg","contentUrl":"https:\/\/www.egibide.org\/file\/2019\/07\/logo_egibide_cuadrado-copia.jpg","width":1696,"height":701,"caption":"Egibide"},"image":{"@id":"https:\/\/www.egibide.org\/#\/schema\/logo\/image\/"},"sameAs":["https:\/\/www.facebook.com\/Egibide\/","https:\/\/x.com\/egibide","https:\/\/www.youtube.com\/user\/Egibide"]}]}},"_links":{"self":[{"href":"https:\/\/www.egibide.org\/eu\/wp-json\/wp\/v2\/pages\/124988","targetHints":{"allow":["GET"]}}],"collection":[{"href":"https:\/\/www.egibide.org\/eu\/wp-json\/wp\/v2\/pages"}],"about":[{"href":"https:\/\/www.egibide.org\/eu\/wp-json\/wp\/v2\/types\/page"}],"author":[{"embeddable":true,"href":"https:\/\/www.egibide.org\/eu\/wp-json\/wp\/v2\/users\/33"}],"replies":[{"embeddable":true,"href":"https:\/\/www.egibide.org\/eu\/wp-json\/wp\/v2\/comments?post=124988"}],"version-history":[{"count":0,"href":"https:\/\/www.egibide.org\/eu\/wp-json\/wp\/v2\/pages\/124988\/revisions"}],"up":[{"embeddable":true,"href":"https:\/\/www.egibide.org\/eu\/wp-json\/wp\/v2\/pages\/4285"}],"wp:attachment":[{"href":"https:\/\/www.egibide.org\/eu\/wp-json\/wp\/v2\/media?parent=124988"}],"curies":[{"name":"wp","href":"https:\/\/api.w.org\/{rel}","templated":true}]}}