{"id":125058,"date":"2024-02-28T11:21:36","date_gmt":"2024-02-28T10:21:36","guid":{"rendered":"https:\/\/www.egibide.org\/iker2d-y-giza2d\/"},"modified":"2026-03-05T09:37:41","modified_gmt":"2026-03-05T08:37:41","slug":"iker2d-y-giza2d","status":"publish","type":"page","link":"https:\/\/www.egibide.org\/eu\/iker2d-y-giza2d\/","title":{"rendered":"iker2d y giza2d"},"content":{"rendered":"<h1 class=\"cvGsUA direction-ltr align-center para-style-body\"><span class=\"OYPEnA font-feature-liga-off font-feature-clig-off font-feature-calt-off text-decoration-none text-strikethrough-none\">\u00bfConoces todas las ventajas del Bachillerato de Investigaci\u00f3n?<\/span><\/h1>\n<p class=\"cvGsUA direction-ltr align-center para-style-body\"><span class=\"OYPEnA font-feature-liga-off font-feature-clig-off font-feature-calt-off text-decoration-none text-strikethrough-none\">En Egibide se llama Iker2d y giza2d y llevamos m\u00e1s de 6 cursos formando a nuestros estudiantes para que sean se hagan preguntas, sean aut\u00f3nomos y apliquen el m\u00e9todo cient\u00edfico para confirmar o refutar sus hip\u00f3tesis.<\/span><\/p>\n<blockquote>\n<p class=\"cvGsUA direction-ltr align-center para-style-body\"><span class=\"OYPEnA font-feature-liga-off font-feature-clig-off font-feature-calt-off text-decoration-none text-strikethrough-none\">Ventajas:<\/span><\/p>\n<\/blockquote>\n<ul>\n<li style=\"list-style-type: none;\">\n<ul>\n<li class=\"cvGsUA direction-ltr align-center para-style-body\"><span class=\"OYPEnA font-feature-liga-off font-feature-clig-off font-feature-calt-off text-decoration-none text-strikethrough-none\">Aprender\u00e1s a descubrir tus temas de inter\u00e9s.<\/span><\/li>\n<\/ul>\n<\/li>\n<\/ul>\n<p>&nbsp;<\/p>\n<ul>\n<li style=\"list-style-type: none;\">\n<ul>\n<li class=\"cvGsUA direction-ltr align-center para-style-body\"><span class=\"OYPEnA font-feature-liga-off font-feature-clig-off font-feature-calt-off text-decoration-none text-strikethrough-none\">Aprender\u00e1s a hacerte preguntas sobre ellos y a investigar la respuesta.<\/span><\/li>\n<\/ul>\n<\/li>\n<\/ul>\n<p>&nbsp;<\/p>\n<ul>\n<li style=\"list-style-type: none;\">\n<ul>\n<li class=\"cvGsUA direction-ltr align-center para-style-body\"><span class=\"OYPEnA font-feature-liga-off font-feature-clig-off font-feature-calt-off text-decoration-none text-strikethrough-none\">Descubrir\u00e1s la verdad.<\/span><\/li>\n<\/ul>\n<\/li>\n<\/ul>\n<p>&nbsp;<\/p>\n<ul>\n<li style=\"list-style-type: none;\">\n<ul>\n<li class=\"cvGsUA direction-ltr align-center para-style-body\"><span class=\"OYPEnA font-feature-liga-off font-feature-clig-off font-feature-calt-off text-decoration-none text-strikethrough-none\">Un director de proyecto te acompa\u00f1ar\u00e1 durante los dos cursos.<\/span><\/li>\n<\/ul>\n<\/li>\n<\/ul>\n<p>&nbsp;<\/p>\n<ul>\n<li style=\"list-style-type: none;\">\n<ul>\n<li class=\"cvGsUA direction-ltr align-center para-style-body\"><span class=\"OYPEnA font-feature-liga-off font-feature-clig-off font-feature-calt-off text-decoration-none text-strikethrough-none\">Conocer\u00e1s empresas y centros de investigaci\u00f3n para desarrollar tu proyecto<\/span><\/li>\n<\/ul>\n<\/li>\n<\/ul>\n<p>&nbsp;<\/p>\n<ul>\n<li style=\"list-style-type: none;\">\n<ul>\n<li class=\"cvGsUA direction-ltr align-center para-style-body\"><span class=\"OYPEnA font-feature-liga-off font-feature-clig-off font-feature-calt-off text-decoration-none text-strikethrough-none\">Y mejorar\u00e1s tu nota de acceso a estudios posteriores.<\/span><\/li>\n<\/ul>\n<\/li>\n<\/ul>\n<p>&nbsp;<\/p>\n<blockquote><p>Primera edici\u00f3n de Ikerpoint<\/p><\/blockquote>\n<p>Este est\u00e1 organizado por <strong>Egibide, Nazaret <\/strong>(Donostia) y <strong>Fundaci\u00f3n Vital<\/strong> para visibilizar el talento y esfuerzo de estudiantes que han desarrollado proyectos de investigaci\u00f3n bajo la metodolog\u00eda del <strong>Bachillerato de Investigaci\u00f3n<\/strong>, aplicada en Egibide y Nazaret durante los \u00faltimos a\u00f1os.<\/p>\n<div class='avia-iframe-wrap'><iframe loading=\"lazy\" title=\"2\u00aa edici\u00f3n Ikerpoint\" width=\"1500\" height=\"844\" src=\"https:\/\/www.youtube.com\/embed\/tLHpzJ3wY0c?feature=oembed\" frameborder=\"0\" allow=\"accelerometer; autoplay; clipboard-write; encrypted-media; gyroscope; picture-in-picture; web-share\" referrerpolicy=\"strict-origin-when-cross-origin\" allowfullscreen><\/iframe><\/div>\n<div  class='avia-video avia-video-16-9   av-lazyload-immediate  av-lazyload-video-embed  '   itemprop=\"video\" itemtype=\"https:\/\/schema.org\/VideoObject\"  data-original_url='https:\/\/youtu.be\/beBxMj2ONWE?si=3WJ_j2Ocpev7_ycV' ><script type='text\/html' class='av-video-tmpl'><div class='avia-iframe-wrap'><iframe loading=\"lazy\" title=\"IKERPOINT_ BACHILLERATO DE INVESTIGACI\u00d3N\" width=\"1500\" height=\"844\" src=\"https:\/\/www.youtube.com\/embed\/beBxMj2ONWE?feature=oembed&autoplay=0&loop=0&controls=1&mute=0\" frameborder=\"0\" allow=\"accelerometer; autoplay; clipboard-write; encrypted-media; gyroscope; picture-in-picture; web-share\" referrerpolicy=\"strict-origin-when-cross-origin\" allowfullscreen><\/iframe><\/div><\/script><div class='av-click-to-play-overlay'><div class=\"avia_playpause_icon\"><\/div><\/div><\/div>\n<p>&nbsp;<\/p>\n<blockquote><p>Transformar e Investigar<\/p><\/blockquote>\n<p><img loading=\"lazy\" decoding=\"async\" class=\"alignnone size-full wp-image-125044\" src=\"https:\/\/www.egibide.org\/file\/2024\/02\/foto-giza2d.png\" alt=\"\" width=\"672\" height=\"606\" \/> <img loading=\"lazy\" decoding=\"async\" class=\"alignnone size-full wp-image-125046\" src=\"https:\/\/www.egibide.org\/file\/2024\/02\/foto-iker2d.png\" alt=\"\" width=\"690\" height=\"690\" srcset=\"https:\/\/www.egibide.org\/file\/2024\/02\/foto-iker2d.png 690w, https:\/\/www.egibide.org\/file\/2024\/02\/foto-iker2d-80x80.png 80w\" sizes=\"auto, (max-width: 690px) 100vw, 690px\" \/> y<\/p>\n","protected":false},"excerpt":{"rendered":"<p>\u00bfConoces todas las ventajas del Bachillerato de Investigaci\u00f3n? En Egibide se llama Iker2d y giza2d y llevamos m\u00e1s de 6 cursos formando a nuestros estudiantes para que sean se hagan preguntas, sean aut\u00f3nomos y apliquen el m\u00e9todo cient\u00edfico para confirmar o refutar sus hip\u00f3tesis. Ventajas: Aprender\u00e1s a descubrir tus temas de inter\u00e9s. &nbsp; Aprender\u00e1s a [&hellip;]<\/p>\n","protected":false},"author":14411,"featured_media":0,"parent":0,"menu_order":0,"comment_status":"closed","ping_status":"closed","template":"","meta":{"_acf_changed":false,"footnotes":""},"class_list":["post-125058","page","type-page","status-publish","hentry"],"acf":{"tituloasdasdasd":"","descripcion23":"","cabecera":"","color_fondo":"#81005d","color_text_sd":"#ffffff","popup_activem":false,"compartir_p12":false,"titulo_soc12p":"","popup_egi":null,"crea_menu_visual_oferta_educativa":null},"yoast_head":"<!-- This site is optimized with the Yoast SEO plugin v27.0 - https:\/\/yoast.com\/product\/yoast-seo-wordpress\/ -->\n<title>iker2d y giza2d - egibide.org<\/title>\n<meta name=\"robots\" content=\"index, follow, max-snippet:-1, max-image-preview:large, max-video-preview:-1\" \/>\n<link rel=\"canonical\" href=\"https:\/\/www.egibide.org\/eu\/iker2d-y-giza2d\/\" \/>\n<meta property=\"og:locale\" content=\"eu_ES\" \/>\n<meta property=\"og:type\" content=\"article\" \/>\n<meta property=\"og:title\" content=\"iker2d y giza2d - egibide.org\" \/>\n<meta property=\"og:description\" content=\"\u00bfConoces todas las ventajas del Bachillerato de Investigaci\u00f3n? En Egibide se llama Iker2d y giza2d y llevamos m\u00e1s de 6 cursos formando a nuestros estudiantes para que sean se hagan preguntas, sean aut\u00f3nomos y apliquen el m\u00e9todo cient\u00edfico para confirmar o refutar sus hip\u00f3tesis. Ventajas: Aprender\u00e1s a descubrir tus temas de inter\u00e9s. &nbsp; Aprender\u00e1s a [&hellip;]\" \/>\n<meta property=\"og:url\" content=\"https:\/\/www.egibide.org\/eu\/iker2d-y-giza2d\/\" \/>\n<meta property=\"og:site_name\" content=\"egibide.org\" \/>\n<meta property=\"article:publisher\" content=\"https:\/\/www.facebook.com\/Egibide\/\" \/>\n<meta property=\"article:modified_time\" content=\"2026-03-05T08:37:41+00:00\" \/>\n<meta property=\"og:image\" content=\"https:\/\/www.egibide.org\/file\/2024\/02\/foto-giza2d.png\" \/>\n\t<meta property=\"og:image:width\" content=\"672\" \/>\n\t<meta property=\"og:image:height\" content=\"606\" \/>\n\t<meta property=\"og:image:type\" content=\"image\/png\" \/>\n<script type=\"application\/ld+json\" class=\"yoast-schema-graph\">{\"@context\":\"https:\/\/schema.org\",\"@graph\":[{\"@type\":\"WebPage\",\"@id\":\"https:\/\/www.egibide.org\/eu\/iker2d-y-giza2d\/\",\"url\":\"https:\/\/www.egibide.org\/eu\/iker2d-y-giza2d\/\",\"name\":\"iker2d y giza2d - egibide.org\",\"isPartOf\":{\"@id\":\"https:\/\/www.egibide.org\/#website\"},\"primaryImageOfPage\":{\"@id\":\"https:\/\/www.egibide.org\/eu\/iker2d-y-giza2d\/#primaryimage\"},\"image\":{\"@id\":\"https:\/\/www.egibide.org\/eu\/iker2d-y-giza2d\/#primaryimage\"},\"thumbnailUrl\":\"https:\/\/www.egibide.org\/file\/2024\/02\/foto-giza2d.png\",\"datePublished\":\"2024-02-28T10:21:36+00:00\",\"dateModified\":\"2026-03-05T08:37:41+00:00\",\"inLanguage\":\"eu-ES\",\"potentialAction\":[{\"@type\":\"ReadAction\",\"target\":[\"https:\/\/www.egibide.org\/eu\/iker2d-y-giza2d\/\"]}]},{\"@type\":\"ImageObject\",\"inLanguage\":\"eu-ES\",\"@id\":\"https:\/\/www.egibide.org\/eu\/iker2d-y-giza2d\/#primaryimage\",\"url\":\"https:\/\/www.egibide.org\/file\/2024\/02\/foto-giza2d.png\",\"contentUrl\":\"https:\/\/www.egibide.org\/file\/2024\/02\/foto-giza2d.png\"},{\"@type\":\"WebSite\",\"@id\":\"https:\/\/www.egibide.org\/#website\",\"url\":\"https:\/\/www.egibide.org\/\",\"name\":\"egibide.org\",\"description\":\"Educaci\u00f3n Secundaria y Formaci\u00f3n Profesional\",\"publisher\":{\"@id\":\"https:\/\/www.egibide.org\/#organization\"},\"potentialAction\":[{\"@type\":\"SearchAction\",\"target\":{\"@type\":\"EntryPoint\",\"urlTemplate\":\"https:\/\/www.egibide.org\/?s={search_term_string}\"},\"query-input\":{\"@type\":\"PropertyValueSpecification\",\"valueRequired\":true,\"valueName\":\"search_term_string\"}}],\"inLanguage\":\"eu-ES\"},{\"@type\":\"Organization\",\"@id\":\"https:\/\/www.egibide.org\/#organization\",\"name\":\"Egibide\",\"url\":\"https:\/\/www.egibide.org\/\",\"logo\":{\"@type\":\"ImageObject\",\"inLanguage\":\"eu-ES\",\"@id\":\"https:\/\/www.egibide.org\/#\/schema\/logo\/image\/\",\"url\":\"https:\/\/www.egibide.org\/file\/2019\/07\/logo_egibide_cuadrado-copia.jpg\",\"contentUrl\":\"https:\/\/www.egibide.org\/file\/2019\/07\/logo_egibide_cuadrado-copia.jpg\",\"width\":1696,\"height\":701,\"caption\":\"Egibide\"},\"image\":{\"@id\":\"https:\/\/www.egibide.org\/#\/schema\/logo\/image\/\"},\"sameAs\":[\"https:\/\/www.facebook.com\/Egibide\/\",\"https:\/\/x.com\/egibide\",\"https:\/\/www.youtube.com\/user\/Egibide\"]}]}<\/script>\n<!-- \/ Yoast SEO plugin. -->","yoast_head_json":{"title":"iker2d y giza2d - egibide.org","robots":{"index":"index","follow":"follow","max-snippet":"max-snippet:-1","max-image-preview":"max-image-preview:large","max-video-preview":"max-video-preview:-1"},"canonical":"https:\/\/www.egibide.org\/eu\/iker2d-y-giza2d\/","og_locale":"eu_ES","og_type":"article","og_title":"iker2d y giza2d - egibide.org","og_description":"\u00bfConoces todas las ventajas del Bachillerato de Investigaci\u00f3n? En Egibide se llama Iker2d y giza2d y llevamos m\u00e1s de 6 cursos formando a nuestros estudiantes para que sean se hagan preguntas, sean aut\u00f3nomos y apliquen el m\u00e9todo cient\u00edfico para confirmar o refutar sus hip\u00f3tesis. Ventajas: Aprender\u00e1s a descubrir tus temas de inter\u00e9s. &nbsp; Aprender\u00e1s a [&hellip;]","og_url":"https:\/\/www.egibide.org\/eu\/iker2d-y-giza2d\/","og_site_name":"egibide.org","article_publisher":"https:\/\/www.facebook.com\/Egibide\/","article_modified_time":"2026-03-05T08:37:41+00:00","og_image":[{"width":672,"height":606,"url":"https:\/\/www.egibide.org\/file\/2024\/02\/foto-giza2d.png","type":"image\/png"}],"schema":{"@context":"https:\/\/schema.org","@graph":[{"@type":"WebPage","@id":"https:\/\/www.egibide.org\/eu\/iker2d-y-giza2d\/","url":"https:\/\/www.egibide.org\/eu\/iker2d-y-giza2d\/","name":"iker2d y giza2d - egibide.org","isPartOf":{"@id":"https:\/\/www.egibide.org\/#website"},"primaryImageOfPage":{"@id":"https:\/\/www.egibide.org\/eu\/iker2d-y-giza2d\/#primaryimage"},"image":{"@id":"https:\/\/www.egibide.org\/eu\/iker2d-y-giza2d\/#primaryimage"},"thumbnailUrl":"https:\/\/www.egibide.org\/file\/2024\/02\/foto-giza2d.png","datePublished":"2024-02-28T10:21:36+00:00","dateModified":"2026-03-05T08:37:41+00:00","inLanguage":"eu-ES","potentialAction":[{"@type":"ReadAction","target":["https:\/\/www.egibide.org\/eu\/iker2d-y-giza2d\/"]}]},{"@type":"ImageObject","inLanguage":"eu-ES","@id":"https:\/\/www.egibide.org\/eu\/iker2d-y-giza2d\/#primaryimage","url":"https:\/\/www.egibide.org\/file\/2024\/02\/foto-giza2d.png","contentUrl":"https:\/\/www.egibide.org\/file\/2024\/02\/foto-giza2d.png"},{"@type":"WebSite","@id":"https:\/\/www.egibide.org\/#website","url":"https:\/\/www.egibide.org\/","name":"egibide.org","description":"Educaci\u00f3n Secundaria y Formaci\u00f3n Profesional","publisher":{"@id":"https:\/\/www.egibide.org\/#organization"},"potentialAction":[{"@type":"SearchAction","target":{"@type":"EntryPoint","urlTemplate":"https:\/\/www.egibide.org\/?s={search_term_string}"},"query-input":{"@type":"PropertyValueSpecification","valueRequired":true,"valueName":"search_term_string"}}],"inLanguage":"eu-ES"},{"@type":"Organization","@id":"https:\/\/www.egibide.org\/#organization","name":"Egibide","url":"https:\/\/www.egibide.org\/","logo":{"@type":"ImageObject","inLanguage":"eu-ES","@id":"https:\/\/www.egibide.org\/#\/schema\/logo\/image\/","url":"https:\/\/www.egibide.org\/file\/2019\/07\/logo_egibide_cuadrado-copia.jpg","contentUrl":"https:\/\/www.egibide.org\/file\/2019\/07\/logo_egibide_cuadrado-copia.jpg","width":1696,"height":701,"caption":"Egibide"},"image":{"@id":"https:\/\/www.egibide.org\/#\/schema\/logo\/image\/"},"sameAs":["https:\/\/www.facebook.com\/Egibide\/","https:\/\/x.com\/egibide","https:\/\/www.youtube.com\/user\/Egibide"]}]}},"_links":{"self":[{"href":"https:\/\/www.egibide.org\/eu\/wp-json\/wp\/v2\/pages\/125058","targetHints":{"allow":["GET"]}}],"collection":[{"href":"https:\/\/www.egibide.org\/eu\/wp-json\/wp\/v2\/pages"}],"about":[{"href":"https:\/\/www.egibide.org\/eu\/wp-json\/wp\/v2\/types\/page"}],"author":[{"embeddable":true,"href":"https:\/\/www.egibide.org\/eu\/wp-json\/wp\/v2\/users\/14411"}],"replies":[{"embeddable":true,"href":"https:\/\/www.egibide.org\/eu\/wp-json\/wp\/v2\/comments?post=125058"}],"version-history":[{"count":2,"href":"https:\/\/www.egibide.org\/eu\/wp-json\/wp\/v2\/pages\/125058\/revisions"}],"predecessor-version":[{"id":141665,"href":"https:\/\/www.egibide.org\/eu\/wp-json\/wp\/v2\/pages\/125058\/revisions\/141665"}],"wp:attachment":[{"href":"https:\/\/www.egibide.org\/eu\/wp-json\/wp\/v2\/media?parent=125058"}],"curies":[{"name":"wp","href":"https:\/\/api.w.org\/{rel}","templated":true}]}}