{"id":3213,"date":"2017-05-17T17:44:30","date_gmt":"2017-05-17T15:44:30","guid":{"rendered":"https:\/\/www.egibide.org\/soldadura-y-caldeleria\/"},"modified":"2025-04-08T07:22:58","modified_gmt":"2025-04-08T05:22:58","slug":"soldadura-y-caldeleria","status":"publish","type":"page","link":"https:\/\/www.egibide.org\/eu\/hezkuntza-eskaintza\/formacion-profesional-grado-medio\/soldadura-y-caldeleria\/","title":{"rendered":"Soldadura eta Galdaragintza"},"content":{"rendered":"<div class='flex_column_table av-eqxsm5-7c7f8a085b7a913b033b4ca4d0b8133f sc-av_one_half av-equal-height-column-flextable'>\n<style type=\"text\/css\" data-created_by=\"avia_inline_auto\" id=\"style-css-av-eqxsm5-7c7f8a085b7a913b033b4ca4d0b8133f\">\n#top .flex_column_table.av-equal-height-column-flextable.av-eqxsm5-7c7f8a085b7a913b033b4ca4d0b8133f{\nmargin-top:0px;\nmargin-bottom:0px;\n}\n.flex_column.av-eqxsm5-7c7f8a085b7a913b033b4ca4d0b8133f{\nborder-radius:0px 0px 0px 0px;\n-webkit-border-radius:0px 0px 0px 0px;\n-moz-border-radius:0px 0px 0px 0px;\npadding:10px 10px 10px 10px;\nbackground-color:#f7f7f7;\n}\n<\/style>\n<div class='flex_column av-eqxsm5-7c7f8a085b7a913b033b4ca4d0b8133f av_one_half  avia-builder-el-0  el_before_av_one_half  avia-builder-el-first  first no_margin flex_column_table_cell av-equal-height-column av-align-middle '   ><section class=\"av_textblock_section \"  itemscope=\"itemscope\" itemtype=\"https:\/\/schema.org\/CreativeWork\" ><div class='avia_textblock  '   itemprop=\"text\" ><h2>Soldadura eta Galdaragintza<\/h2>\n<\/div><\/section><\/div>\n\n<style type=\"text\/css\" data-created_by=\"avia_inline_auto\" id=\"style-css-av-axq8jh-b26c205dcdc28f03e8e12e20fecb11f6\">\n#top .flex_column_table.av-equal-height-column-flextable.av-axq8jh-b26c205dcdc28f03e8e12e20fecb11f6{\nmargin-top:0px;\nmargin-bottom:0px;\n}\n.flex_column.av-axq8jh-b26c205dcdc28f03e8e12e20fecb11f6{\nborder-radius:0px 0px 0px 0px;\n-webkit-border-radius:0px 0px 0px 0px;\n-moz-border-radius:0px 0px 0px 0px;\npadding:10px 10px 10px 10px;\nbackground-color:#f7f7f7;\n}\n<\/style>\n<div class='flex_column av-axq8jh-b26c205dcdc28f03e8e12e20fecb11f6 av_one_half  avia-builder-el-2  el_after_av_one_half  el_before_av_hr  no_margin flex_column_table_cell av-equal-height-column av-align-middle '   ><div  class='avia-button-wrap avia-button-left  avia-builder-el-3  avia-builder-el-no-sibling ' >\n<style type=\"text\/css\" data-created_by=\"avia_inline_auto\" id=\"style-css-av-jia7n1wq-3586cfbd870289a9be6f9e8ec3069dbf\">\n#top #wrap_all .avia-button.av-jia7n1wq-3586cfbd870289a9be6f9e8ec3069dbf{\nbackground-color:#8c8c8c;\nborder-color:#8c8c8c;\ncolor:#ffffff;\ntransition:all 0.4s ease-in-out;\n-webkit-transition:all 0.4s ease-in-out;\n-moz-transition:all 0.4s ease-in-out;\n-ms-transition:all 0.4s ease-in-out;\n-o-transition:all 0.4s ease-in-out;\n}\n<\/style>\n<a href='https:\/\/www.egibide.org\/eu\/secretaria\/'  class='avia-button av-jia7n1wq-3586cfbd870289a9be6f9e8ec3069dbf avia-icon_select-yes-left-icon avia-size-medium avia-position-left '  target=\"_blank\"  rel=\"noopener noreferrer\"><span class='avia_button_icon avia_button_icon_left' aria-hidden='true' data-av_icon='\ue84b' data-av_iconfont='entypo-fontello'><\/span><span class='avia_iconbox_title' >klik egin hemen, informazio gehiago<\/span><\/a><\/div><\/div><\/div><!--close column table wrapper. Autoclose: 1 -->\n\n<style type=\"text\/css\" data-created_by=\"avia_inline_auto\" id=\"style-css-av-vatr1-1a61305e1e0a50c13aa5f0c72b68ca63\">\n#top .hr.hr-invisible.av-vatr1-1a61305e1e0a50c13aa5f0c72b68ca63{\nheight:25px;\n}\n<\/style>\n<div  class='hr av-vatr1-1a61305e1e0a50c13aa5f0c72b68ca63 hr-invisible  avia-builder-el-4  el_after_av_one_half  el_before_av_one_half  '><span class='hr-inner '><span class=\"hr-inner-style\"><\/span><\/span><\/div>\n\n<style type=\"text\/css\" data-created_by=\"avia_inline_auto\" id=\"style-css-av-7inxst-61d36cda5470a1714a1e24271a279f04\">\n#top .flex_column.av-7inxst-61d36cda5470a1714a1e24271a279f04{\nmargin-top:0px;\nmargin-bottom:0px;\n}\n.flex_column.av-7inxst-61d36cda5470a1714a1e24271a279f04{\nborder-radius:0px 0px 0px 0px;\n-webkit-border-radius:0px 0px 0px 0px;\n-moz-border-radius:0px 0px 0px 0px;\n}\n.responsive #top #wrap_all .flex_column.av-7inxst-61d36cda5470a1714a1e24271a279f04{\nmargin-top:0px;\nmargin-bottom:0px;\n}\n<\/style>\n<div class='flex_column av-7inxst-61d36cda5470a1714a1e24271a279f04 av_one_half  avia-builder-el-5  el_after_av_hr  el_before_av_one_half  first flex_column_div av-zero-column-padding '   ><section class=\"av_textblock_section \"  itemscope=\"itemscope\" itemtype=\"https:\/\/schema.org\/CreativeWork\" ><div class='avia_textblock  '   itemprop=\"text\" ><h5>Non ikasten da?<\/h5>\n<ul>\n<li><a href=\"https:\/\/www.egibide.org\/eu\/campus-arriaga\/\">Arriaga (Goizez)<\/a> \/ A ereduan<\/li>\n<\/ul>\n<h5>Zer Ikasten da?<\/h5>\n<ul>\n<li><span style=\"font-weight: 400;\">0007<\/span> <span style=\"font-weight: 400;\">Interpretazio grafikoa<\/span><\/li>\n<li><span style=\"font-weight: 400;\">0006<\/span> <span style=\"font-weight: 400;\">Metrologia eta saiakuntzak<\/span><\/li>\n<li><span style=\"font-weight: 400;\">0091<\/span> <span style=\"font-weight: 400;\">Trazadura, ebaketa eta konformazioa<\/span><\/li>\n<li><span style=\"font-weight: 400;\">0092<\/span> <span style=\"font-weight: 400;\">Mekanizazioa<\/span><\/li>\n<li><span style=\"font-weight: 400;\">0093<\/span> <span style=\"font-weight: 400;\">Giro naturaleko soldadura<\/span><\/li>\n<li><span style=\"font-weight: 400;\">0094<\/span> <span style=\"font-weight: 400;\">Giro babestuko soldadura<\/span><\/li>\n<li><span style=\"font-weight: 400;\">0095<\/span> <span style=\"font-weight: 400;\">Muntaia<\/span><\/li>\n<li><span style=\"font-weight: 400;\">0156<\/span> <span style=\"font-weight: 400;\">Ingeles profesional<\/span><\/li>\n<li><span style=\"font-weight: 400;\">1709<\/span> <span style=\"font-weight: 400;\">Enplegagarritasunerako ibilbide pertsonala I<\/span><\/li>\n<li><span style=\"font-weight: 400;\">1710<\/span> <span style=\"font-weight: 400;\">Enplegagarritasunerako ibilbide pertsonala II<\/span><\/li>\n<li><span style=\"font-weight: 400;\">1664<\/span> <span style=\"font-weight: 400;\">Produkzi-sektoreei aplikatutako digitalizazioa\u00a0<\/span><\/li>\n<li><span style=\"font-weight: 400;\">1708<\/span> <span style=\"font-weight: 400;\">Produkzio-sistemari aplikatutako iraunkortasuna\u00a0<\/span><\/li>\n<li><span style=\"font-weight: 400;\">Proiektu intermodularra\u00a0<\/span><\/li>\n<li><span style=\"font-weight: 400;\">Hautazko modulua(k)<\/span><\/li>\n<\/ul>\n<\/div><\/section><\/div>\n<style type=\"text\/css\" data-created_by=\"avia_inline_auto\" id=\"style-css-av-418jsd-35c0aac2324644b68d24feea7719ed66\">\n#top .flex_column.av-418jsd-35c0aac2324644b68d24feea7719ed66{\nmargin-top:0px;\nmargin-bottom:0px;\n}\n.flex_column.av-418jsd-35c0aac2324644b68d24feea7719ed66{\nborder-radius:0px 0px 0px 0px;\n-webkit-border-radius:0px 0px 0px 0px;\n-moz-border-radius:0px 0px 0px 0px;\n}\n.responsive #top #wrap_all .flex_column.av-418jsd-35c0aac2324644b68d24feea7719ed66{\nmargin-top:0px;\nmargin-bottom:0px;\n}\n<\/style>\n<div class='flex_column av-418jsd-35c0aac2324644b68d24feea7719ed66 av_one_half  avia-builder-el-7  el_after_av_one_half  avia-builder-el-last  flex_column_div av-zero-column-padding '   ><section class=\"av_textblock_section \"  itemscope=\"itemscope\" itemtype=\"https:\/\/schema.org\/CreativeWork\" ><div class='avia_textblock  '   itemprop=\"text\" ><h5>Non egiten da lan?<\/h5>\n<ul>\n<li>Soldatzailea eta oxiebakitzailea.<\/li>\n<li>Proiekzio termikoko eragilea.<\/li>\n<li>Txapista eta galdaragilea.<\/li>\n<li>Metal-egituren muntatzailea.<\/li>\n<li>Metal-arotza.<\/li>\n<li>Industria astuneko industria-tutugilea.<\/li>\n<\/ul>\n<h5>Zer ikasi dezaket ondoren?<\/h5>\n<ul>\n<li>Goi mailako ziklo sarbidea prestatzeko proba.<\/li>\n<li>Erdi Mailako beste Heziketa ziklo bat egungo araudiaren arabera moduloak baliaztatzeko aukerarekin.<\/li>\n<li>Edozein Batxilergo mota.<\/li>\n<\/ul>\n<\/div><\/section><\/div><\/p>\n","protected":false},"excerpt":{"rendered":"","protected":false},"author":2,"featured_media":0,"parent":3364,"menu_order":0,"comment_status":"closed","ping_status":"closed","template":"template-sitemap.php","meta":{"_acf_changed":false,"footnotes":""},"class_list":["post-3213","page","type-page","status-publish","hentry"],"acf":{"tituloasdasdasd":"HEZIKETA ESKAINTZA","descripcion23":"Impartimos Educaci\u00f3n Secundaria Obligatoria (ESO), Bachillerato y Formaci\u00f3n Profesional en <b>13 familias profesionales diferentes<\/b>, adem\u00e1s de Formaci\u00f3n Profesional B\u00e1sica, Aula de Aprendizaje de Tareas, as\u00ed como cursos de Formaci\u00f3n para el Empleo. ","cabecera":3115,"color_fondo":"#81005d","color_text_sd":"#ffffff","popup_activem":false,"compartir_p12":true,"titulo_soc12p":"Kurtso hau konpartitu ezazu","popup_egi":null,"crea_menu_visual_oferta_educativa":null},"yoast_head":"<!-- This site is optimized with the Yoast SEO plugin v27.0 - https:\/\/yoast.com\/product\/yoast-seo-wordpress\/ -->\n<title>Soldadura eta Galdaragintza - egibide.org<\/title>\n<meta name=\"robots\" content=\"index, follow, max-snippet:-1, max-image-preview:large, max-video-preview:-1\" \/>\n<link rel=\"canonical\" href=\"https:\/\/www.egibide.org\/eu\/hezkuntza-eskaintza\/formacion-profesional-grado-medio\/soldadura-y-caldeleria\/\" \/>\n<meta property=\"og:locale\" content=\"eu_ES\" \/>\n<meta property=\"og:type\" content=\"article\" \/>\n<meta property=\"og:title\" content=\"Soldadura eta Galdaragintza - egibide.org\" \/>\n<meta property=\"og:url\" content=\"https:\/\/www.egibide.org\/eu\/hezkuntza-eskaintza\/formacion-profesional-grado-medio\/soldadura-y-caldeleria\/\" \/>\n<meta property=\"og:site_name\" content=\"egibide.org\" \/>\n<meta property=\"article:publisher\" content=\"https:\/\/www.facebook.com\/Egibide\/\" \/>\n<meta property=\"article:modified_time\" content=\"2025-04-08T05:22:58+00:00\" \/>\n<script type=\"application\/ld+json\" class=\"yoast-schema-graph\">{\"@context\":\"https:\/\/schema.org\",\"@graph\":[{\"@type\":\"WebPage\",\"@id\":\"https:\/\/www.egibide.org\/eu\/hezkuntza-eskaintza\/formacion-profesional-grado-medio\/soldadura-y-caldeleria\/\",\"url\":\"https:\/\/www.egibide.org\/eu\/hezkuntza-eskaintza\/formacion-profesional-grado-medio\/soldadura-y-caldeleria\/\",\"name\":\"Soldadura eta Galdaragintza - egibide.org\",\"isPartOf\":{\"@id\":\"https:\/\/www.egibide.org\/#website\"},\"datePublished\":\"2017-05-17T15:44:30+00:00\",\"dateModified\":\"2025-04-08T05:22:58+00:00\",\"breadcrumb\":{\"@id\":\"https:\/\/www.egibide.org\/eu\/hezkuntza-eskaintza\/formacion-profesional-grado-medio\/soldadura-y-caldeleria\/#breadcrumb\"},\"inLanguage\":\"eu-ES\",\"potentialAction\":[{\"@type\":\"ReadAction\",\"target\":[\"https:\/\/www.egibide.org\/eu\/hezkuntza-eskaintza\/formacion-profesional-grado-medio\/soldadura-y-caldeleria\/\"]}]},{\"@type\":\"BreadcrumbList\",\"@id\":\"https:\/\/www.egibide.org\/eu\/hezkuntza-eskaintza\/formacion-profesional-grado-medio\/soldadura-y-caldeleria\/#breadcrumb\",\"itemListElement\":[{\"@type\":\"ListItem\",\"position\":1,\"name\":\"Hezkuntza Eskaintza\",\"item\":\"https:\/\/www.egibide.org\/eu\/hezkuntza-eskaintza\/\"},{\"@type\":\"ListItem\",\"position\":2,\"name\":\"Erdi Mailako Heziketa Zikloak\",\"item\":\"https:\/\/www.egibide.org\/eu\/hezkuntza-eskaintza\/formacion-profesional-grado-medio\/\"},{\"@type\":\"ListItem\",\"position\":3,\"name\":\"Soldadura eta Galdaragintza\"}]},{\"@type\":\"WebSite\",\"@id\":\"https:\/\/www.egibide.org\/#website\",\"url\":\"https:\/\/www.egibide.org\/\",\"name\":\"egibide.org\",\"description\":\"Educaci\u00f3n Secundaria y Formaci\u00f3n Profesional\",\"publisher\":{\"@id\":\"https:\/\/www.egibide.org\/#organization\"},\"potentialAction\":[{\"@type\":\"SearchAction\",\"target\":{\"@type\":\"EntryPoint\",\"urlTemplate\":\"https:\/\/www.egibide.org\/?s={search_term_string}\"},\"query-input\":{\"@type\":\"PropertyValueSpecification\",\"valueRequired\":true,\"valueName\":\"search_term_string\"}}],\"inLanguage\":\"eu-ES\"},{\"@type\":\"Organization\",\"@id\":\"https:\/\/www.egibide.org\/#organization\",\"name\":\"Egibide\",\"url\":\"https:\/\/www.egibide.org\/\",\"logo\":{\"@type\":\"ImageObject\",\"inLanguage\":\"eu-ES\",\"@id\":\"https:\/\/www.egibide.org\/#\/schema\/logo\/image\/\",\"url\":\"https:\/\/www.egibide.org\/file\/2019\/07\/logo_egibide_cuadrado-copia.jpg\",\"contentUrl\":\"https:\/\/www.egibide.org\/file\/2019\/07\/logo_egibide_cuadrado-copia.jpg\",\"width\":1696,\"height\":701,\"caption\":\"Egibide\"},\"image\":{\"@id\":\"https:\/\/www.egibide.org\/#\/schema\/logo\/image\/\"},\"sameAs\":[\"https:\/\/www.facebook.com\/Egibide\/\",\"https:\/\/x.com\/egibide\",\"https:\/\/www.youtube.com\/user\/Egibide\"]}]}<\/script>\n<!-- \/ Yoast SEO plugin. -->","yoast_head_json":{"title":"Soldadura eta Galdaragintza - egibide.org","robots":{"index":"index","follow":"follow","max-snippet":"max-snippet:-1","max-image-preview":"max-image-preview:large","max-video-preview":"max-video-preview:-1"},"canonical":"https:\/\/www.egibide.org\/eu\/hezkuntza-eskaintza\/formacion-profesional-grado-medio\/soldadura-y-caldeleria\/","og_locale":"eu_ES","og_type":"article","og_title":"Soldadura eta Galdaragintza - egibide.org","og_url":"https:\/\/www.egibide.org\/eu\/hezkuntza-eskaintza\/formacion-profesional-grado-medio\/soldadura-y-caldeleria\/","og_site_name":"egibide.org","article_publisher":"https:\/\/www.facebook.com\/Egibide\/","article_modified_time":"2025-04-08T05:22:58+00:00","schema":{"@context":"https:\/\/schema.org","@graph":[{"@type":"WebPage","@id":"https:\/\/www.egibide.org\/eu\/hezkuntza-eskaintza\/formacion-profesional-grado-medio\/soldadura-y-caldeleria\/","url":"https:\/\/www.egibide.org\/eu\/hezkuntza-eskaintza\/formacion-profesional-grado-medio\/soldadura-y-caldeleria\/","name":"Soldadura eta Galdaragintza - egibide.org","isPartOf":{"@id":"https:\/\/www.egibide.org\/#website"},"datePublished":"2017-05-17T15:44:30+00:00","dateModified":"2025-04-08T05:22:58+00:00","breadcrumb":{"@id":"https:\/\/www.egibide.org\/eu\/hezkuntza-eskaintza\/formacion-profesional-grado-medio\/soldadura-y-caldeleria\/#breadcrumb"},"inLanguage":"eu-ES","potentialAction":[{"@type":"ReadAction","target":["https:\/\/www.egibide.org\/eu\/hezkuntza-eskaintza\/formacion-profesional-grado-medio\/soldadura-y-caldeleria\/"]}]},{"@type":"BreadcrumbList","@id":"https:\/\/www.egibide.org\/eu\/hezkuntza-eskaintza\/formacion-profesional-grado-medio\/soldadura-y-caldeleria\/#breadcrumb","itemListElement":[{"@type":"ListItem","position":1,"name":"Hezkuntza Eskaintza","item":"https:\/\/www.egibide.org\/eu\/hezkuntza-eskaintza\/"},{"@type":"ListItem","position":2,"name":"Erdi Mailako Heziketa Zikloak","item":"https:\/\/www.egibide.org\/eu\/hezkuntza-eskaintza\/formacion-profesional-grado-medio\/"},{"@type":"ListItem","position":3,"name":"Soldadura eta Galdaragintza"}]},{"@type":"WebSite","@id":"https:\/\/www.egibide.org\/#website","url":"https:\/\/www.egibide.org\/","name":"egibide.org","description":"Educaci\u00f3n Secundaria y Formaci\u00f3n Profesional","publisher":{"@id":"https:\/\/www.egibide.org\/#organization"},"potentialAction":[{"@type":"SearchAction","target":{"@type":"EntryPoint","urlTemplate":"https:\/\/www.egibide.org\/?s={search_term_string}"},"query-input":{"@type":"PropertyValueSpecification","valueRequired":true,"valueName":"search_term_string"}}],"inLanguage":"eu-ES"},{"@type":"Organization","@id":"https:\/\/www.egibide.org\/#organization","name":"Egibide","url":"https:\/\/www.egibide.org\/","logo":{"@type":"ImageObject","inLanguage":"eu-ES","@id":"https:\/\/www.egibide.org\/#\/schema\/logo\/image\/","url":"https:\/\/www.egibide.org\/file\/2019\/07\/logo_egibide_cuadrado-copia.jpg","contentUrl":"https:\/\/www.egibide.org\/file\/2019\/07\/logo_egibide_cuadrado-copia.jpg","width":1696,"height":701,"caption":"Egibide"},"image":{"@id":"https:\/\/www.egibide.org\/#\/schema\/logo\/image\/"},"sameAs":["https:\/\/www.facebook.com\/Egibide\/","https:\/\/x.com\/egibide","https:\/\/www.youtube.com\/user\/Egibide"]}]}},"_links":{"self":[{"href":"https:\/\/www.egibide.org\/eu\/wp-json\/wp\/v2\/pages\/3213","targetHints":{"allow":["GET"]}}],"collection":[{"href":"https:\/\/www.egibide.org\/eu\/wp-json\/wp\/v2\/pages"}],"about":[{"href":"https:\/\/www.egibide.org\/eu\/wp-json\/wp\/v2\/types\/page"}],"author":[{"embeddable":true,"href":"https:\/\/www.egibide.org\/eu\/wp-json\/wp\/v2\/users\/2"}],"replies":[{"embeddable":true,"href":"https:\/\/www.egibide.org\/eu\/wp-json\/wp\/v2\/comments?post=3213"}],"version-history":[{"count":2,"href":"https:\/\/www.egibide.org\/eu\/wp-json\/wp\/v2\/pages\/3213\/revisions"}],"predecessor-version":[{"id":134837,"href":"https:\/\/www.egibide.org\/eu\/wp-json\/wp\/v2\/pages\/3213\/revisions\/134837"}],"up":[{"embeddable":true,"href":"https:\/\/www.egibide.org\/eu\/wp-json\/wp\/v2\/pages\/3364"}],"wp:attachment":[{"href":"https:\/\/www.egibide.org\/eu\/wp-json\/wp\/v2\/media?parent=3213"}],"curies":[{"name":"wp","href":"https:\/\/api.w.org\/{rel}","templated":true}]}}