{"id":3223,"date":"2017-05-17T17:47:10","date_gmt":"2017-05-17T15:47:10","guid":{"rendered":"https:\/\/www.egibide.org\/servicios-en-restauracion\/"},"modified":"2025-04-08T07:44:29","modified_gmt":"2025-04-08T05:44:29","slug":"servicios-en-restauracion","status":"publish","type":"page","link":"https:\/\/www.egibide.org\/eu\/hezkuntza-eskaintza\/formacion-profesional-grado-medio\/servicios-en-restauracion\/","title":{"rendered":"Jatetxe Arloko Zerbitzuak"},"content":{"rendered":"<div class='flex_column_table av-fhg86v-871542af7268701a532cb4791031cc9d sc-av_one_half av-equal-height-column-flextable'>\n<style type=\"text\/css\" data-created_by=\"avia_inline_auto\" id=\"style-css-av-fhg86v-871542af7268701a532cb4791031cc9d\">\n#top .flex_column_table.av-equal-height-column-flextable.av-fhg86v-871542af7268701a532cb4791031cc9d{\nmargin-top:0px;\nmargin-bottom:0px;\n}\n.flex_column.av-fhg86v-871542af7268701a532cb4791031cc9d{\nborder-radius:0px 0px 0px 0px;\n-webkit-border-radius:0px 0px 0px 0px;\n-moz-border-radius:0px 0px 0px 0px;\npadding:10px 10px 10px 10px;\nbackground-color:#f7f7f7;\n}\n<\/style>\n<div class='flex_column av-fhg86v-871542af7268701a532cb4791031cc9d av_one_half  avia-builder-el-0  el_before_av_one_half  avia-builder-el-first  first no_margin flex_column_table_cell av-equal-height-column av-align-middle '   ><section class=\"av_textblock_section \"  itemscope=\"itemscope\" itemtype=\"https:\/\/schema.org\/CreativeWork\" ><div class='avia_textblock  '   itemprop=\"text\" ><h2>Jatetxe Arloko Zerbitzuak<\/h2>\n<\/div><\/section><\/div>\n\n<style type=\"text\/css\" data-created_by=\"avia_inline_auto\" id=\"style-css-av-cejdwn-ee886abdd340767d50a9371bf0bae8f4\">\n#top .flex_column_table.av-equal-height-column-flextable.av-cejdwn-ee886abdd340767d50a9371bf0bae8f4{\nmargin-top:0px;\nmargin-bottom:0px;\n}\n.flex_column.av-cejdwn-ee886abdd340767d50a9371bf0bae8f4{\nborder-radius:0px 0px 0px 0px;\n-webkit-border-radius:0px 0px 0px 0px;\n-moz-border-radius:0px 0px 0px 0px;\npadding:10px 10px 10px 10px;\nbackground-color:#f7f7f7;\n}\n<\/style>\n<div class='flex_column av-cejdwn-ee886abdd340767d50a9371bf0bae8f4 av_one_half  avia-builder-el-2  el_after_av_one_half  el_before_av_hr  no_margin flex_column_table_cell av-equal-height-column av-align-middle '   ><div  class='avia-button-wrap avia-button-left  avia-builder-el-3  avia-builder-el-no-sibling ' >\n<style type=\"text\/css\" data-created_by=\"avia_inline_auto\" id=\"style-css-av-jia6uhip-2209771d11722c016486875c4229693d\">\n#top #wrap_all .avia-button.av-jia6uhip-2209771d11722c016486875c4229693d{\nbackground-color:#8c8c8c;\nborder-color:#8c8c8c;\ncolor:#ffffff;\ntransition:all 0.4s ease-in-out;\n-webkit-transition:all 0.4s ease-in-out;\n-moz-transition:all 0.4s ease-in-out;\n-ms-transition:all 0.4s ease-in-out;\n-o-transition:all 0.4s ease-in-out;\n}\n<\/style>\n<a href='https:\/\/www.egibide.org\/eu\/secretaria\/'  class='avia-button av-jia6uhip-2209771d11722c016486875c4229693d avia-icon_select-yes-left-icon avia-size-medium avia-position-left '  target=\"_blank\"  rel=\"noopener noreferrer\"><span class='avia_button_icon avia_button_icon_left' aria-hidden='true' data-av_icon='\ue84b' data-av_iconfont='entypo-fontello'><\/span><span class='avia_iconbox_title' >Klik egin hemen, informazio gehiago<\/span><\/a><\/div><\/div><\/div><!--close column table wrapper. Autoclose: 1 -->\n\n<style type=\"text\/css\" data-created_by=\"avia_inline_auto\" id=\"style-css-av-bk8unb-fa88eec988075949806e5978dcfde34a\">\n#top .hr.hr-invisible.av-bk8unb-fa88eec988075949806e5978dcfde34a{\nheight:25px;\n}\n<\/style>\n<div  class='hr av-bk8unb-fa88eec988075949806e5978dcfde34a hr-invisible  avia-builder-el-4  el_after_av_one_half  el_before_av_one_half  '><span class='hr-inner '><span class=\"hr-inner-style\"><\/span><\/span><\/div>\n\n<style type=\"text\/css\" data-created_by=\"avia_inline_auto\" id=\"style-css-av-9txu6v-e1a4afa946fb89e8e21a3b1bec3065c0\">\n#top .flex_column.av-9txu6v-e1a4afa946fb89e8e21a3b1bec3065c0{\nmargin-top:0px;\nmargin-bottom:0px;\n}\n.flex_column.av-9txu6v-e1a4afa946fb89e8e21a3b1bec3065c0{\nborder-radius:0px 0px 0px 0px;\n-webkit-border-radius:0px 0px 0px 0px;\n-moz-border-radius:0px 0px 0px 0px;\n}\n.responsive #top #wrap_all .flex_column.av-9txu6v-e1a4afa946fb89e8e21a3b1bec3065c0{\nmargin-top:0px;\nmargin-bottom:0px;\n}\n<\/style>\n<div class='flex_column av-9txu6v-e1a4afa946fb89e8e21a3b1bec3065c0 av_one_half  avia-builder-el-5  el_after_av_hr  el_before_av_one_half  first flex_column_div av-zero-column-padding '   ><section class=\"av_textblock_section \"  itemscope=\"itemscope\" itemtype=\"https:\/\/schema.org\/CreativeWork\" ><div class='avia_textblock  '   itemprop=\"text\" ><h5>Non ikasten da?<\/h5>\n<ul>\n<li><a href=\"https:\/\/www.egibide.org\/eu\/campus-mendizorrotza\/\">Mendizorrotza (Goizez)<\/a> \/ A ereduan<\/li>\n<\/ul>\n<h5>Zer Ikasten da?<\/h5>\n<ul>\n<li><span style=\"font-weight: 400;\">0045<\/span> <span style=\"font-weight: 400;\">Eskaintza gastronomikoak<\/span><\/li>\n<li><span style=\"font-weight: 400;\">0031<\/span> <span style=\"font-weight: 400;\">Elikagaiak manipulatzeko segurtasuna eta higienea\u00a0<\/span><\/li>\n<li><span style=\"font-weight: 400;\">0155<\/span> <span style=\"font-weight: 400;\">Jatetxe arloko komunikazio-teknikak<\/span><\/li>\n<li><span style=\"font-weight: 400;\">0156<\/span> <span style=\"font-weight: 400;\">Ingeles<\/span><\/li>\n<li><span style=\"font-weight: 400;\">0150<\/span> <span style=\"font-weight: 400;\">Taberna-kafetegiko oinarrizko eragiketak<\/span><\/li>\n<li><span style=\"font-weight: 400;\">0151<\/span> <span style=\"font-weight: 400;\">Jatetxeko oinarrizko eragiketak<\/span><\/li>\n<li><span style=\"font-weight: 400;\">0154<\/span> <span style=\"font-weight: 400;\">Ardoa eta zerbitzua<\/span><\/li>\n<li><span style=\"font-weight: 400;\">0153<\/span> <span style=\"font-weight: 400;\">Jatetxeko eta ekitaldi berezietako zerbitzuak<\/span><\/li>\n<li><span style=\"font-weight: 400;\">0152<\/span> <span style=\"font-weight: 400;\">Taberna-kafetegiko zerbitzuak<\/span><\/li>\n<li><span style=\"font-weight: 400;\">1709<\/span> <span style=\"font-weight: 400;\">Enplegagarritasunerako ibilbide pertsonala I<\/span><\/li>\n<li><span style=\"font-weight: 400;\">1710<\/span> <span style=\"font-weight: 400;\">Enplegagarritasunerako ibilbide pertsonala II<\/span><\/li>\n<li><span style=\"font-weight: 400;\">1664<\/span> <span style=\"font-weight: 400;\">Produkzio-sektoreei aplikatutako digitalizazioa<\/span><\/li>\n<li><span style=\"font-weight: 400;\">1708<\/span> <span style=\"font-weight: 400;\">Produkzio-sistemari aplikatutako iraunkortasuna<\/span><\/li>\n<li><span style=\"font-weight: 400;\">1713<\/span> <span style=\"font-weight: 400;\">Proiektu intermodularra<\/span><\/li>\n<li><span style=\"font-weight: 400;\">Hautazko modulua(k)<\/span><\/li>\n<\/ul>\n<\/div><\/section><\/div>\n<style type=\"text\/css\" data-created_by=\"avia_inline_auto\" id=\"style-css-av-5a9k9z-a3ef5f432e89e55fa27e46921ccabf50\">\n#top .flex_column.av-5a9k9z-a3ef5f432e89e55fa27e46921ccabf50{\nmargin-top:0px;\nmargin-bottom:0px;\n}\n.flex_column.av-5a9k9z-a3ef5f432e89e55fa27e46921ccabf50{\nborder-radius:0px 0px 0px 0px;\n-webkit-border-radius:0px 0px 0px 0px;\n-moz-border-radius:0px 0px 0px 0px;\n}\n.responsive #top #wrap_all .flex_column.av-5a9k9z-a3ef5f432e89e55fa27e46921ccabf50{\nmargin-top:0px;\nmargin-bottom:0px;\n}\n<\/style>\n<div class='flex_column av-5a9k9z-a3ef5f432e89e55fa27e46921ccabf50 av_one_half  avia-builder-el-7  el_after_av_one_half  avia-builder-el-last  flex_column_div av-zero-column-padding '   ><p>\n<style type=\"text\/css\" data-created_by=\"avia_inline_auto\" id=\"style-css-av-4fwo53-4de084e1afded01c1cff5ab985113dc7\">\n#top .hr.av-4fwo53-4de084e1afded01c1cff5ab985113dc7{\nmargin-top:5px;\nmargin-bottom:10px;\n}\n.hr.av-4fwo53-4de084e1afded01c1cff5ab985113dc7 .hr-inner{\nwidth:100%;\nmax-width:45%;\n}\n<\/style>\n<div  class='hr av-4fwo53-4de084e1afded01c1cff5ab985113dc7 hr-custom  avia-builder-el-8  el_before_av_textblock  avia-builder-el-first  hr-center hr-icon-yes '><span class='hr-inner inner-border-av-border-none'><span class=\"hr-inner-style\"><\/span><\/span><span class='av-seperator-icon' aria-hidden='true' data-av_icon='\ue808' data-av_iconfont='entypo-fontello'><\/span><span class='hr-inner inner-border-av-border-none'><span class=\"hr-inner-style\"><\/span><\/span><\/div><br \/>\n<section class=\"av_textblock_section \"  itemscope=\"itemscope\" itemtype=\"https:\/\/schema.org\/CreativeWork\" ><div class='avia_textblock  '   itemprop=\"text\" ><h5>Non egiten da lan?<\/h5>\n<ul>\n<li>Taberna-kafetegiko edo jatetxeko zerbitzaria.<\/li>\n<li>Jangelako zerbitzaria.<\/li>\n<li>Elikagaiak eta edariak produzitzeko eta zerbitzatzeko unitateetak ekonomatuko langilea.<\/li>\n<li>Tabernaria.<\/li>\n<li>Sommelier-laguntzailea.<\/li>\n<li>Garraiobideetako zerbitzuetako laguntzailea.<\/li>\n<li>Jangelako buru edo ma tre.<\/li>\n<li>Kafe-gile.<\/li>\n<li>Autoenplegurako irudi egokia.<\/li>\n<\/ul>\n<h5>Zer ikasi dezaket ondoren?<\/h5>\n<ul>\n<li>Goi mailako ziklo sarbidea prestatzeko proba.<\/li>\n<li>Erdi Mailako beste Heziketa ziklo bat egungo araudiaren arabera moduloak baliaztatzeko aukerarekin.<\/li>\n<li>Edozein Batxilergo mota.<\/li>\n<\/ul>\n<\/div><\/section><\/p><\/div><\/p>\n","protected":false},"excerpt":{"rendered":"","protected":false},"author":2,"featured_media":0,"parent":3364,"menu_order":0,"comment_status":"closed","ping_status":"closed","template":"template-sitemap.php","meta":{"_acf_changed":false,"footnotes":""},"class_list":["post-3223","page","type-page","status-publish","hentry"],"acf":{"tituloasdasdasd":"HEZIKETA ESKAINTZA","descripcion23":"Impartimos Educaci\u00f3n Secundaria Obligatoria (ESO), Bachillerato y Formaci\u00f3n Profesional en <b>13 familias profesionales diferentes<\/b>, adem\u00e1s de Formaci\u00f3n Profesional B\u00e1sica, Aula de Aprendizaje de Tareas, as\u00ed como cursos de Formaci\u00f3n para el Empleo. ","cabecera":3115,"color_fondo":"#81005d","color_text_sd":"#ffffff","popup_activem":false,"compartir_p12":true,"titulo_soc12p":"Kurtso hau konpartitu ezazu","popup_egi":null,"crea_menu_visual_oferta_educativa":null},"yoast_head":"<!-- This site is optimized with the Yoast SEO plugin v27.0 - https:\/\/yoast.com\/product\/yoast-seo-wordpress\/ -->\n<title>Jatetxe Arloko Zerbitzuak - egibide.org<\/title>\n<meta name=\"robots\" content=\"index, follow, max-snippet:-1, max-image-preview:large, max-video-preview:-1\" \/>\n<link rel=\"canonical\" href=\"https:\/\/www.egibide.org\/eu\/hezkuntza-eskaintza\/formacion-profesional-grado-medio\/servicios-en-restauracion\/\" \/>\n<meta property=\"og:locale\" content=\"eu_ES\" \/>\n<meta property=\"og:type\" content=\"article\" \/>\n<meta property=\"og:title\" content=\"Jatetxe Arloko Zerbitzuak - egibide.org\" \/>\n<meta property=\"og:url\" content=\"https:\/\/www.egibide.org\/eu\/hezkuntza-eskaintza\/formacion-profesional-grado-medio\/servicios-en-restauracion\/\" \/>\n<meta property=\"og:site_name\" content=\"egibide.org\" \/>\n<meta property=\"article:publisher\" content=\"https:\/\/www.facebook.com\/Egibide\/\" \/>\n<meta property=\"article:modified_time\" content=\"2025-04-08T05:44:29+00:00\" \/>\n<script type=\"application\/ld+json\" class=\"yoast-schema-graph\">{\"@context\":\"https:\/\/schema.org\",\"@graph\":[{\"@type\":\"WebPage\",\"@id\":\"https:\/\/www.egibide.org\/eu\/hezkuntza-eskaintza\/formacion-profesional-grado-medio\/servicios-en-restauracion\/\",\"url\":\"https:\/\/www.egibide.org\/eu\/hezkuntza-eskaintza\/formacion-profesional-grado-medio\/servicios-en-restauracion\/\",\"name\":\"Jatetxe Arloko Zerbitzuak - egibide.org\",\"isPartOf\":{\"@id\":\"https:\/\/www.egibide.org\/#website\"},\"datePublished\":\"2017-05-17T15:47:10+00:00\",\"dateModified\":\"2025-04-08T05:44:29+00:00\",\"breadcrumb\":{\"@id\":\"https:\/\/www.egibide.org\/eu\/hezkuntza-eskaintza\/formacion-profesional-grado-medio\/servicios-en-restauracion\/#breadcrumb\"},\"inLanguage\":\"eu-ES\",\"potentialAction\":[{\"@type\":\"ReadAction\",\"target\":[\"https:\/\/www.egibide.org\/eu\/hezkuntza-eskaintza\/formacion-profesional-grado-medio\/servicios-en-restauracion\/\"]}]},{\"@type\":\"BreadcrumbList\",\"@id\":\"https:\/\/www.egibide.org\/eu\/hezkuntza-eskaintza\/formacion-profesional-grado-medio\/servicios-en-restauracion\/#breadcrumb\",\"itemListElement\":[{\"@type\":\"ListItem\",\"position\":1,\"name\":\"Hezkuntza Eskaintza\",\"item\":\"https:\/\/www.egibide.org\/eu\/hezkuntza-eskaintza\/\"},{\"@type\":\"ListItem\",\"position\":2,\"name\":\"Erdi Mailako Heziketa Zikloak\",\"item\":\"https:\/\/www.egibide.org\/eu\/hezkuntza-eskaintza\/formacion-profesional-grado-medio\/\"},{\"@type\":\"ListItem\",\"position\":3,\"name\":\"Jatetxe Arloko Zerbitzuak\"}]},{\"@type\":\"WebSite\",\"@id\":\"https:\/\/www.egibide.org\/#website\",\"url\":\"https:\/\/www.egibide.org\/\",\"name\":\"egibide.org\",\"description\":\"Educaci\u00f3n Secundaria y Formaci\u00f3n Profesional\",\"publisher\":{\"@id\":\"https:\/\/www.egibide.org\/#organization\"},\"potentialAction\":[{\"@type\":\"SearchAction\",\"target\":{\"@type\":\"EntryPoint\",\"urlTemplate\":\"https:\/\/www.egibide.org\/?s={search_term_string}\"},\"query-input\":{\"@type\":\"PropertyValueSpecification\",\"valueRequired\":true,\"valueName\":\"search_term_string\"}}],\"inLanguage\":\"eu-ES\"},{\"@type\":\"Organization\",\"@id\":\"https:\/\/www.egibide.org\/#organization\",\"name\":\"Egibide\",\"url\":\"https:\/\/www.egibide.org\/\",\"logo\":{\"@type\":\"ImageObject\",\"inLanguage\":\"eu-ES\",\"@id\":\"https:\/\/www.egibide.org\/#\/schema\/logo\/image\/\",\"url\":\"https:\/\/www.egibide.org\/file\/2019\/07\/logo_egibide_cuadrado-copia.jpg\",\"contentUrl\":\"https:\/\/www.egibide.org\/file\/2019\/07\/logo_egibide_cuadrado-copia.jpg\",\"width\":1696,\"height\":701,\"caption\":\"Egibide\"},\"image\":{\"@id\":\"https:\/\/www.egibide.org\/#\/schema\/logo\/image\/\"},\"sameAs\":[\"https:\/\/www.facebook.com\/Egibide\/\",\"https:\/\/x.com\/egibide\",\"https:\/\/www.youtube.com\/user\/Egibide\"]}]}<\/script>\n<!-- \/ Yoast SEO plugin. -->","yoast_head_json":{"title":"Jatetxe Arloko Zerbitzuak - egibide.org","robots":{"index":"index","follow":"follow","max-snippet":"max-snippet:-1","max-image-preview":"max-image-preview:large","max-video-preview":"max-video-preview:-1"},"canonical":"https:\/\/www.egibide.org\/eu\/hezkuntza-eskaintza\/formacion-profesional-grado-medio\/servicios-en-restauracion\/","og_locale":"eu_ES","og_type":"article","og_title":"Jatetxe Arloko Zerbitzuak - egibide.org","og_url":"https:\/\/www.egibide.org\/eu\/hezkuntza-eskaintza\/formacion-profesional-grado-medio\/servicios-en-restauracion\/","og_site_name":"egibide.org","article_publisher":"https:\/\/www.facebook.com\/Egibide\/","article_modified_time":"2025-04-08T05:44:29+00:00","schema":{"@context":"https:\/\/schema.org","@graph":[{"@type":"WebPage","@id":"https:\/\/www.egibide.org\/eu\/hezkuntza-eskaintza\/formacion-profesional-grado-medio\/servicios-en-restauracion\/","url":"https:\/\/www.egibide.org\/eu\/hezkuntza-eskaintza\/formacion-profesional-grado-medio\/servicios-en-restauracion\/","name":"Jatetxe Arloko Zerbitzuak - egibide.org","isPartOf":{"@id":"https:\/\/www.egibide.org\/#website"},"datePublished":"2017-05-17T15:47:10+00:00","dateModified":"2025-04-08T05:44:29+00:00","breadcrumb":{"@id":"https:\/\/www.egibide.org\/eu\/hezkuntza-eskaintza\/formacion-profesional-grado-medio\/servicios-en-restauracion\/#breadcrumb"},"inLanguage":"eu-ES","potentialAction":[{"@type":"ReadAction","target":["https:\/\/www.egibide.org\/eu\/hezkuntza-eskaintza\/formacion-profesional-grado-medio\/servicios-en-restauracion\/"]}]},{"@type":"BreadcrumbList","@id":"https:\/\/www.egibide.org\/eu\/hezkuntza-eskaintza\/formacion-profesional-grado-medio\/servicios-en-restauracion\/#breadcrumb","itemListElement":[{"@type":"ListItem","position":1,"name":"Hezkuntza Eskaintza","item":"https:\/\/www.egibide.org\/eu\/hezkuntza-eskaintza\/"},{"@type":"ListItem","position":2,"name":"Erdi Mailako Heziketa Zikloak","item":"https:\/\/www.egibide.org\/eu\/hezkuntza-eskaintza\/formacion-profesional-grado-medio\/"},{"@type":"ListItem","position":3,"name":"Jatetxe Arloko Zerbitzuak"}]},{"@type":"WebSite","@id":"https:\/\/www.egibide.org\/#website","url":"https:\/\/www.egibide.org\/","name":"egibide.org","description":"Educaci\u00f3n Secundaria y Formaci\u00f3n Profesional","publisher":{"@id":"https:\/\/www.egibide.org\/#organization"},"potentialAction":[{"@type":"SearchAction","target":{"@type":"EntryPoint","urlTemplate":"https:\/\/www.egibide.org\/?s={search_term_string}"},"query-input":{"@type":"PropertyValueSpecification","valueRequired":true,"valueName":"search_term_string"}}],"inLanguage":"eu-ES"},{"@type":"Organization","@id":"https:\/\/www.egibide.org\/#organization","name":"Egibide","url":"https:\/\/www.egibide.org\/","logo":{"@type":"ImageObject","inLanguage":"eu-ES","@id":"https:\/\/www.egibide.org\/#\/schema\/logo\/image\/","url":"https:\/\/www.egibide.org\/file\/2019\/07\/logo_egibide_cuadrado-copia.jpg","contentUrl":"https:\/\/www.egibide.org\/file\/2019\/07\/logo_egibide_cuadrado-copia.jpg","width":1696,"height":701,"caption":"Egibide"},"image":{"@id":"https:\/\/www.egibide.org\/#\/schema\/logo\/image\/"},"sameAs":["https:\/\/www.facebook.com\/Egibide\/","https:\/\/x.com\/egibide","https:\/\/www.youtube.com\/user\/Egibide"]}]}},"_links":{"self":[{"href":"https:\/\/www.egibide.org\/eu\/wp-json\/wp\/v2\/pages\/3223","targetHints":{"allow":["GET"]}}],"collection":[{"href":"https:\/\/www.egibide.org\/eu\/wp-json\/wp\/v2\/pages"}],"about":[{"href":"https:\/\/www.egibide.org\/eu\/wp-json\/wp\/v2\/types\/page"}],"author":[{"embeddable":true,"href":"https:\/\/www.egibide.org\/eu\/wp-json\/wp\/v2\/users\/2"}],"replies":[{"embeddable":true,"href":"https:\/\/www.egibide.org\/eu\/wp-json\/wp\/v2\/comments?post=3223"}],"version-history":[{"count":2,"href":"https:\/\/www.egibide.org\/eu\/wp-json\/wp\/v2\/pages\/3223\/revisions"}],"predecessor-version":[{"id":134858,"href":"https:\/\/www.egibide.org\/eu\/wp-json\/wp\/v2\/pages\/3223\/revisions\/134858"}],"up":[{"embeddable":true,"href":"https:\/\/www.egibide.org\/eu\/wp-json\/wp\/v2\/pages\/3364"}],"wp:attachment":[{"href":"https:\/\/www.egibide.org\/eu\/wp-json\/wp\/v2\/media?parent=3223"}],"curies":[{"name":"wp","href":"https:\/\/api.w.org\/{rel}","templated":true}]}}