{"id":3330,"date":"2017-05-17T17:45:21","date_gmt":"2017-05-17T15:45:21","guid":{"rendered":"https:\/\/www.egibide.org\/cuidados-auxiliares-enfermeria\/"},"modified":"2025-04-02T12:04:44","modified_gmt":"2025-04-02T10:04:44","slug":"cuidados-auxiliares-enfermeria","status":"publish","type":"page","link":"https:\/\/www.egibide.org\/eu\/hezkuntza-eskaintza\/formacion-profesional-grado-medio\/cuidados-auxiliares-enfermeria\/","title":{"rendered":"Erizaintzako Zaintza Osagarriak"},"content":{"rendered":"<div class='flex_column_table av-e18asy-5241073f65a58281bdbac615511995a9 sc-av_one_half av-equal-height-column-flextable'>\n<style type=\"text\/css\" data-created_by=\"avia_inline_auto\" id=\"style-css-av-e18asy-5241073f65a58281bdbac615511995a9\">\n#top .flex_column_table.av-equal-height-column-flextable.av-e18asy-5241073f65a58281bdbac615511995a9{\nmargin-top:0px;\nmargin-bottom:0px;\n}\n.flex_column.av-e18asy-5241073f65a58281bdbac615511995a9{\nborder-radius:0px 0px 0px 0px;\n-webkit-border-radius:0px 0px 0px 0px;\n-moz-border-radius:0px 0px 0px 0px;\npadding:10px 10px 10px 10px;\nbackground-color:#f7f7f7;\n}\n<\/style>\n<div class='flex_column av-e18asy-5241073f65a58281bdbac615511995a9 av_one_half  avia-builder-el-0  el_before_av_one_half  avia-builder-el-first  first no_margin flex_column_table_cell av-equal-height-column av-align-middle '   ><section class=\"av_textblock_section \"  itemscope=\"itemscope\" itemtype=\"https:\/\/schema.org\/CreativeWork\" ><div class='avia_textblock  '   itemprop=\"text\" ><h2>Erizaintzako Zaintza Osagarriak<\/h2>\n<\/div><\/section><\/div>\n<style type=\"text\/css\" data-created_by=\"avia_inline_auto\" id=\"style-css-av-ah1vz6-a8508abf78abc422f3fd37c929679b85\">\n#top .flex_column_table.av-equal-height-column-flextable.av-ah1vz6-a8508abf78abc422f3fd37c929679b85{\nmargin-top:0px;\nmargin-bottom:0px;\n}\n.flex_column.av-ah1vz6-a8508abf78abc422f3fd37c929679b85{\nborder-radius:0px 0px 0px 0px;\n-webkit-border-radius:0px 0px 0px 0px;\n-moz-border-radius:0px 0px 0px 0px;\npadding:10px 10px 10px 10px;\nbackground-color:#f7f7f7;\n}\n<\/style>\n<div class='flex_column av-ah1vz6-a8508abf78abc422f3fd37c929679b85 av_one_half  avia-builder-el-2  el_after_av_one_half  el_before_av_hr  no_margin flex_column_table_cell av-equal-height-column av-align-middle '   ><div  class='avia-button-wrap avia-button-left  avia-builder-el-3  avia-builder-el-no-sibling ' >\n<style type=\"text\/css\" data-created_by=\"avia_inline_auto\" id=\"style-css-av-jia81era-6639c02db755c8537e52afa56b6257de\">\n#top #wrap_all .avia-button.av-jia81era-6639c02db755c8537e52afa56b6257de{\nbackground-color:#8c8c8c;\nborder-color:#8c8c8c;\ncolor:#ffffff;\ntransition:all 0.4s ease-in-out;\n-webkit-transition:all 0.4s ease-in-out;\n-moz-transition:all 0.4s ease-in-out;\n-ms-transition:all 0.4s ease-in-out;\n-o-transition:all 0.4s ease-in-out;\n}\n<\/style>\n<a href='https:\/\/www.egibide.org\/eu\/secretaria\/'  class='avia-button av-jia81era-6639c02db755c8537e52afa56b6257de avia-icon_select-yes-left-icon avia-size-medium avia-position-left '  target=\"_blank\"  rel=\"noopener noreferrer\"><span class='avia_button_icon avia_button_icon_left' aria-hidden='true' data-av_icon='\ue84b' data-av_iconfont='entypo-fontello'><\/span><span class='avia_iconbox_title' >Klik egin hemen, informazio gehiago<\/span><\/a><\/div><\/div><\/div><!--close column table wrapper. Autoclose: 1 --><\/p>\n\n<style type=\"text\/css\" data-created_by=\"avia_inline_auto\" id=\"style-css-av-8ya81e-a9a19230bc3eb484b67296aa7f57f7d1\">\n#top .hr.hr-invisible.av-8ya81e-a9a19230bc3eb484b67296aa7f57f7d1{\nheight:25px;\n}\n<\/style>\n<div  class='hr av-8ya81e-a9a19230bc3eb484b67296aa7f57f7d1 hr-invisible  avia-builder-el-4  el_after_av_one_half  el_before_av_one_half  '><span class='hr-inner '><span class=\"hr-inner-style\"><\/span><\/span><\/div>\n\n<style type=\"text\/css\" data-created_by=\"avia_inline_auto\" id=\"style-css-av-88wasy-f559ae6ebb77e55f7af9a96b2d9078ae\">\n#top .flex_column.av-88wasy-f559ae6ebb77e55f7af9a96b2d9078ae{\nmargin-top:0px;\nmargin-bottom:0px;\n}\n.flex_column.av-88wasy-f559ae6ebb77e55f7af9a96b2d9078ae{\nborder-radius:0px 0px 0px 0px;\n-webkit-border-radius:0px 0px 0px 0px;\n-moz-border-radius:0px 0px 0px 0px;\n}\n.responsive #top #wrap_all .flex_column.av-88wasy-f559ae6ebb77e55f7af9a96b2d9078ae{\nmargin-top:0px;\nmargin-bottom:0px;\n}\n<\/style>\n<div class='flex_column av-88wasy-f559ae6ebb77e55f7af9a96b2d9078ae av_one_half  avia-builder-el-5  el_after_av_hr  el_before_av_one_half  first flex_column_div av-zero-column-padding '   ><section class=\"av_textblock_section \"  itemscope=\"itemscope\" itemtype=\"https:\/\/schema.org\/CreativeWork\" ><div class='avia_textblock  '   itemprop=\"text\" ><h5>Non ikasten da?<\/h5>\n<ul>\n<li><a href=\"https:\/\/www.egibide.org\/eu\/campus-molinuevo\/\">Molinuevo (Goizez-Arratsaldez-Gauez)<\/a> \/ A eta B ereduan<\/li>\n<\/ul>\n<h5>Zer Ikasten da?<\/h5>\n<ul>\n<li>01 &#8211; Administrazio-eragiketak eta osasun-agiriak.<\/li>\n<li>02 &#8211; Erizaintzako oinarrizko teknikak.<\/li>\n<li>03 &#8211; Ospitalearen higienea eta materialaren garbiketa.<\/li>\n<li>04 &#8211; Osasuna sustatzeko eta gaixoari laguntza psikologikoa ematea.<\/li>\n<li>05 &#8211; Odontologiako eta estomatologiako laguntza-teknikak.<\/li>\n<li>06 &#8211; Lan-taldeko harremanak.<\/li>\n<li>07 &#8211; Lan-prestakuntza eta orientazioa.<\/li>\n<li>08 &#8211; Kalitatea eta etengabeko hobekuntza.<\/li>\n<li>09 &#8211; Enpresetan Lan Praktikak.<\/li>\n<\/ul>\n<\/div><\/section><\/div>\n\n<style type=\"text\/css\" data-created_by=\"avia_inline_auto\" id=\"style-css-av-4kpfcy-36dd79e4e06246330d804d1e6d0e55a8\">\n#top .flex_column.av-4kpfcy-36dd79e4e06246330d804d1e6d0e55a8{\nmargin-top:0px;\nmargin-bottom:0px;\n}\n.flex_column.av-4kpfcy-36dd79e4e06246330d804d1e6d0e55a8{\nborder-radius:0px 0px 0px 0px;\n-webkit-border-radius:0px 0px 0px 0px;\n-moz-border-radius:0px 0px 0px 0px;\n}\n.responsive #top #wrap_all .flex_column.av-4kpfcy-36dd79e4e06246330d804d1e6d0e55a8{\nmargin-top:0px;\nmargin-bottom:0px;\n}\n<\/style>\n<div class='flex_column av-4kpfcy-36dd79e4e06246330d804d1e6d0e55a8 av_one_half  avia-builder-el-7  el_after_av_one_half  avia-builder-el-last  flex_column_div av-zero-column-padding '   ><section class=\"av_textblock_section \"  itemscope=\"itemscope\" itemtype=\"https:\/\/schema.org\/CreativeWork\" ><div class='avia_textblock  '   itemprop=\"text\" ><h5>Non egiten da lan?<\/h5>\n<ul>\n<li>Erizaintzako laguntzailea ospitale zein zentru pribatu edo publikoetan.<\/li>\n<li>Erizaintzako laguntzailea Adineko Pertsonen egoitzetan pribatu zein publikoetan.<\/li>\n<li>Erizaintzako laguntzailea talde Erkidegoko Gizarte Zerbitzuen edo\/eta zerikusia: HIESa, droga-mendetasuna, &#8230;<\/li>\n<\/ul>\n<h5>Zer ikasi dezaket ondoren?<\/h5>\n<ul>\n<li>Goi mailako ziklo sarbidea prestatzeko proba.<\/li>\n<li>Erdi Mailako beste Heziketa ziklo bat egungo araudiaren arabera moduloak baliaztatzeko aukerarekin.<\/li>\n<li>Edozein Batxilergo mota.<\/li>\n<\/ul>\n<\/div><\/section><\/div>\n","protected":false},"excerpt":{"rendered":"","protected":false},"author":2,"featured_media":0,"parent":3364,"menu_order":0,"comment_status":"closed","ping_status":"closed","template":"template-sitemap.php","meta":{"_acf_changed":false,"footnotes":""},"class_list":["post-3330","page","type-page","status-publish","hentry"],"acf":{"tituloasdasdasd":"HEZKUNTZA ESKAINTZA","descripcion23":"Impartimos Educaci\u00f3n Secundaria Obligatoria (ESO), Bachillerato y Formaci\u00f3n Profesional en <b>13 familias profesionales diferentes<\/b>, adem\u00e1s de Formaci\u00f3n Profesional B\u00e1sica, Aula de Aprendizaje de Tareas, as\u00ed como cursos de Formaci\u00f3n para el Empleo. ","cabecera":3115,"color_fondo":"#81005d","color_text_sd":"#ffffff","popup_activem":false,"compartir_p12":true,"titulo_soc12p":"Kurtso hau konpartitu ezazu","popup_egi":null,"crea_menu_visual_oferta_educativa":null},"yoast_head":"<!-- This site is optimized with the Yoast SEO plugin v27.0 - https:\/\/yoast.com\/product\/yoast-seo-wordpress\/ -->\n<title>Erizaintzako Zaintza Osagarriak - egibide.org<\/title>\n<meta name=\"robots\" content=\"index, follow, max-snippet:-1, max-image-preview:large, max-video-preview:-1\" \/>\n<link rel=\"canonical\" href=\"https:\/\/www.egibide.org\/eu\/hezkuntza-eskaintza\/formacion-profesional-grado-medio\/cuidados-auxiliares-enfermeria\/\" \/>\n<meta property=\"og:locale\" content=\"eu_ES\" \/>\n<meta property=\"og:type\" content=\"article\" \/>\n<meta property=\"og:title\" content=\"Erizaintzako Zaintza Osagarriak - egibide.org\" \/>\n<meta property=\"og:url\" content=\"https:\/\/www.egibide.org\/eu\/hezkuntza-eskaintza\/formacion-profesional-grado-medio\/cuidados-auxiliares-enfermeria\/\" \/>\n<meta property=\"og:site_name\" content=\"egibide.org\" \/>\n<meta property=\"article:publisher\" content=\"https:\/\/www.facebook.com\/Egibide\/\" \/>\n<meta property=\"article:modified_time\" content=\"2025-04-02T10:04:44+00:00\" \/>\n<script type=\"application\/ld+json\" class=\"yoast-schema-graph\">{\"@context\":\"https:\/\/schema.org\",\"@graph\":[{\"@type\":\"WebPage\",\"@id\":\"https:\/\/www.egibide.org\/eu\/hezkuntza-eskaintza\/formacion-profesional-grado-medio\/cuidados-auxiliares-enfermeria\/\",\"url\":\"https:\/\/www.egibide.org\/eu\/hezkuntza-eskaintza\/formacion-profesional-grado-medio\/cuidados-auxiliares-enfermeria\/\",\"name\":\"Erizaintzako Zaintza Osagarriak - egibide.org\",\"isPartOf\":{\"@id\":\"https:\/\/www.egibide.org\/#website\"},\"datePublished\":\"2017-05-17T15:45:21+00:00\",\"dateModified\":\"2025-04-02T10:04:44+00:00\",\"breadcrumb\":{\"@id\":\"https:\/\/www.egibide.org\/eu\/hezkuntza-eskaintza\/formacion-profesional-grado-medio\/cuidados-auxiliares-enfermeria\/#breadcrumb\"},\"inLanguage\":\"eu-ES\",\"potentialAction\":[{\"@type\":\"ReadAction\",\"target\":[\"https:\/\/www.egibide.org\/eu\/hezkuntza-eskaintza\/formacion-profesional-grado-medio\/cuidados-auxiliares-enfermeria\/\"]}]},{\"@type\":\"BreadcrumbList\",\"@id\":\"https:\/\/www.egibide.org\/eu\/hezkuntza-eskaintza\/formacion-profesional-grado-medio\/cuidados-auxiliares-enfermeria\/#breadcrumb\",\"itemListElement\":[{\"@type\":\"ListItem\",\"position\":1,\"name\":\"Hezkuntza Eskaintza\",\"item\":\"https:\/\/www.egibide.org\/eu\/hezkuntza-eskaintza\/\"},{\"@type\":\"ListItem\",\"position\":2,\"name\":\"Erdi Mailako Heziketa Zikloak\",\"item\":\"https:\/\/www.egibide.org\/eu\/hezkuntza-eskaintza\/formacion-profesional-grado-medio\/\"},{\"@type\":\"ListItem\",\"position\":3,\"name\":\"Erizaintzako Zaintza Osagarriak\"}]},{\"@type\":\"WebSite\",\"@id\":\"https:\/\/www.egibide.org\/#website\",\"url\":\"https:\/\/www.egibide.org\/\",\"name\":\"egibide.org\",\"description\":\"Educaci\u00f3n Secundaria y Formaci\u00f3n Profesional\",\"publisher\":{\"@id\":\"https:\/\/www.egibide.org\/#organization\"},\"potentialAction\":[{\"@type\":\"SearchAction\",\"target\":{\"@type\":\"EntryPoint\",\"urlTemplate\":\"https:\/\/www.egibide.org\/?s={search_term_string}\"},\"query-input\":{\"@type\":\"PropertyValueSpecification\",\"valueRequired\":true,\"valueName\":\"search_term_string\"}}],\"inLanguage\":\"eu-ES\"},{\"@type\":\"Organization\",\"@id\":\"https:\/\/www.egibide.org\/#organization\",\"name\":\"Egibide\",\"url\":\"https:\/\/www.egibide.org\/\",\"logo\":{\"@type\":\"ImageObject\",\"inLanguage\":\"eu-ES\",\"@id\":\"https:\/\/www.egibide.org\/#\/schema\/logo\/image\/\",\"url\":\"https:\/\/www.egibide.org\/file\/2019\/07\/logo_egibide_cuadrado-copia.jpg\",\"contentUrl\":\"https:\/\/www.egibide.org\/file\/2019\/07\/logo_egibide_cuadrado-copia.jpg\",\"width\":1696,\"height\":701,\"caption\":\"Egibide\"},\"image\":{\"@id\":\"https:\/\/www.egibide.org\/#\/schema\/logo\/image\/\"},\"sameAs\":[\"https:\/\/www.facebook.com\/Egibide\/\",\"https:\/\/x.com\/egibide\",\"https:\/\/www.youtube.com\/user\/Egibide\"]}]}<\/script>\n<!-- \/ Yoast SEO plugin. -->","yoast_head_json":{"title":"Erizaintzako Zaintza Osagarriak - egibide.org","robots":{"index":"index","follow":"follow","max-snippet":"max-snippet:-1","max-image-preview":"max-image-preview:large","max-video-preview":"max-video-preview:-1"},"canonical":"https:\/\/www.egibide.org\/eu\/hezkuntza-eskaintza\/formacion-profesional-grado-medio\/cuidados-auxiliares-enfermeria\/","og_locale":"eu_ES","og_type":"article","og_title":"Erizaintzako Zaintza Osagarriak - egibide.org","og_url":"https:\/\/www.egibide.org\/eu\/hezkuntza-eskaintza\/formacion-profesional-grado-medio\/cuidados-auxiliares-enfermeria\/","og_site_name":"egibide.org","article_publisher":"https:\/\/www.facebook.com\/Egibide\/","article_modified_time":"2025-04-02T10:04:44+00:00","schema":{"@context":"https:\/\/schema.org","@graph":[{"@type":"WebPage","@id":"https:\/\/www.egibide.org\/eu\/hezkuntza-eskaintza\/formacion-profesional-grado-medio\/cuidados-auxiliares-enfermeria\/","url":"https:\/\/www.egibide.org\/eu\/hezkuntza-eskaintza\/formacion-profesional-grado-medio\/cuidados-auxiliares-enfermeria\/","name":"Erizaintzako Zaintza Osagarriak - egibide.org","isPartOf":{"@id":"https:\/\/www.egibide.org\/#website"},"datePublished":"2017-05-17T15:45:21+00:00","dateModified":"2025-04-02T10:04:44+00:00","breadcrumb":{"@id":"https:\/\/www.egibide.org\/eu\/hezkuntza-eskaintza\/formacion-profesional-grado-medio\/cuidados-auxiliares-enfermeria\/#breadcrumb"},"inLanguage":"eu-ES","potentialAction":[{"@type":"ReadAction","target":["https:\/\/www.egibide.org\/eu\/hezkuntza-eskaintza\/formacion-profesional-grado-medio\/cuidados-auxiliares-enfermeria\/"]}]},{"@type":"BreadcrumbList","@id":"https:\/\/www.egibide.org\/eu\/hezkuntza-eskaintza\/formacion-profesional-grado-medio\/cuidados-auxiliares-enfermeria\/#breadcrumb","itemListElement":[{"@type":"ListItem","position":1,"name":"Hezkuntza Eskaintza","item":"https:\/\/www.egibide.org\/eu\/hezkuntza-eskaintza\/"},{"@type":"ListItem","position":2,"name":"Erdi Mailako Heziketa Zikloak","item":"https:\/\/www.egibide.org\/eu\/hezkuntza-eskaintza\/formacion-profesional-grado-medio\/"},{"@type":"ListItem","position":3,"name":"Erizaintzako Zaintza Osagarriak"}]},{"@type":"WebSite","@id":"https:\/\/www.egibide.org\/#website","url":"https:\/\/www.egibide.org\/","name":"egibide.org","description":"Educaci\u00f3n Secundaria y Formaci\u00f3n Profesional","publisher":{"@id":"https:\/\/www.egibide.org\/#organization"},"potentialAction":[{"@type":"SearchAction","target":{"@type":"EntryPoint","urlTemplate":"https:\/\/www.egibide.org\/?s={search_term_string}"},"query-input":{"@type":"PropertyValueSpecification","valueRequired":true,"valueName":"search_term_string"}}],"inLanguage":"eu-ES"},{"@type":"Organization","@id":"https:\/\/www.egibide.org\/#organization","name":"Egibide","url":"https:\/\/www.egibide.org\/","logo":{"@type":"ImageObject","inLanguage":"eu-ES","@id":"https:\/\/www.egibide.org\/#\/schema\/logo\/image\/","url":"https:\/\/www.egibide.org\/file\/2019\/07\/logo_egibide_cuadrado-copia.jpg","contentUrl":"https:\/\/www.egibide.org\/file\/2019\/07\/logo_egibide_cuadrado-copia.jpg","width":1696,"height":701,"caption":"Egibide"},"image":{"@id":"https:\/\/www.egibide.org\/#\/schema\/logo\/image\/"},"sameAs":["https:\/\/www.facebook.com\/Egibide\/","https:\/\/x.com\/egibide","https:\/\/www.youtube.com\/user\/Egibide"]}]}},"_links":{"self":[{"href":"https:\/\/www.egibide.org\/eu\/wp-json\/wp\/v2\/pages\/3330","targetHints":{"allow":["GET"]}}],"collection":[{"href":"https:\/\/www.egibide.org\/eu\/wp-json\/wp\/v2\/pages"}],"about":[{"href":"https:\/\/www.egibide.org\/eu\/wp-json\/wp\/v2\/types\/page"}],"author":[{"embeddable":true,"href":"https:\/\/www.egibide.org\/eu\/wp-json\/wp\/v2\/users\/2"}],"replies":[{"embeddable":true,"href":"https:\/\/www.egibide.org\/eu\/wp-json\/wp\/v2\/comments?post=3330"}],"version-history":[{"count":3,"href":"https:\/\/www.egibide.org\/eu\/wp-json\/wp\/v2\/pages\/3330\/revisions"}],"predecessor-version":[{"id":134729,"href":"https:\/\/www.egibide.org\/eu\/wp-json\/wp\/v2\/pages\/3330\/revisions\/134729"}],"up":[{"embeddable":true,"href":"https:\/\/www.egibide.org\/eu\/wp-json\/wp\/v2\/pages\/3364"}],"wp:attachment":[{"href":"https:\/\/www.egibide.org\/eu\/wp-json\/wp\/v2\/media?parent=3330"}],"curies":[{"name":"wp","href":"https:\/\/api.w.org\/{rel}","templated":true}]}}