{"id":3837,"date":"2017-07-10T14:35:58","date_gmt":"2017-07-10T12:35:58","guid":{"rendered":"https:\/\/www.egibide.org\/educacion-control-ambiental\/"},"modified":"2025-04-09T11:58:03","modified_gmt":"2025-04-09T09:58:03","slug":"educacion-control-ambiental","status":"publish","type":"page","link":"https:\/\/www.egibide.org\/eu\/hezkuntza-eskaintza\/goi-mailako-heziketa-zikloa\/educacion-control-ambiental\/","title":{"rendered":"Ingurumen Hezkuntza eta Kontrola"},"content":{"rendered":"<div class='flex_column_table av-fzzw5p-0a03c3ba39e113d3c4c95932ff1eb454 sc-av_one_half av-equal-height-column-flextable'>\n<style type=\"text\/css\" data-created_by=\"avia_inline_auto\" id=\"style-css-av-fzzw5p-0a03c3ba39e113d3c4c95932ff1eb454\">\n#top .flex_column_table.av-equal-height-column-flextable.av-fzzw5p-0a03c3ba39e113d3c4c95932ff1eb454{\nmargin-top:0px;\nmargin-bottom:0px;\n}\n.flex_column.av-fzzw5p-0a03c3ba39e113d3c4c95932ff1eb454{\nborder-radius:0px 0px 0px 0px;\n-webkit-border-radius:0px 0px 0px 0px;\n-moz-border-radius:0px 0px 0px 0px;\npadding:10px 10px 10px 10px;\nbackground-color:#f7f7f7;\n}\n<\/style>\n<div class='flex_column av-fzzw5p-0a03c3ba39e113d3c4c95932ff1eb454 av_one_half  avia-builder-el-0  el_before_av_one_half  avia-builder-el-first  first no_margin flex_column_table_cell av-equal-height-column av-align-middle '   ><section class=\"av_textblock_section \"  itemscope=\"itemscope\" itemtype=\"https:\/\/schema.org\/CreativeWork\" ><div class='avia_textblock  '   itemprop=\"text\" ><h2>Ingurumen Hezkuntza eta Kontrola<\/h2>\n<\/div><\/section><\/div>\n\n<style type=\"text\/css\" data-created_by=\"avia_inline_auto\" id=\"style-css-av-bxe45p-d69733c46153e515baa972d389686a50\">\n#top .flex_column_table.av-equal-height-column-flextable.av-bxe45p-d69733c46153e515baa972d389686a50{\nmargin-top:0px;\nmargin-bottom:0px;\n}\n.flex_column.av-bxe45p-d69733c46153e515baa972d389686a50{\nborder-radius:0px 0px 0px 0px;\n-webkit-border-radius:0px 0px 0px 0px;\n-moz-border-radius:0px 0px 0px 0px;\npadding:10px 10px 10px 10px;\nbackground-color:#f7f7f7;\n}\n<\/style>\n<div class='flex_column av-bxe45p-d69733c46153e515baa972d389686a50 av_one_half  avia-builder-el-2  el_after_av_one_half  el_before_av_hr  no_margin flex_column_table_cell av-equal-height-column av-align-middle '   ><div  class='avia-button-wrap avia-button-left  avia-builder-el-3  avia-builder-el-no-sibling ' >\n<style type=\"text\/css\" data-created_by=\"avia_inline_auto\" id=\"style-css-av-jiak8hq8-f910074cc248f8c71ce9ebcc22129f04\">\n#top #wrap_all .avia-button.av-jiak8hq8-f910074cc248f8c71ce9ebcc22129f04{\nbackground-color:#8c8c8c;\nborder-color:#8c8c8c;\ncolor:#ffffff;\ntransition:all 0.4s ease-in-out;\n-webkit-transition:all 0.4s ease-in-out;\n-moz-transition:all 0.4s ease-in-out;\n-ms-transition:all 0.4s ease-in-out;\n-o-transition:all 0.4s ease-in-out;\n}\n<\/style>\n<a href='https:\/\/www.egibide.org\/eu\/secretaria\/'  class='avia-button av-jiak8hq8-f910074cc248f8c71ce9ebcc22129f04 avia-icon_select-yes-left-icon avia-size-medium avia-position-left '  target=\"_blank\"  rel=\"noopener noreferrer\"><span class='avia_button_icon avia_button_icon_left' aria-hidden='true' data-av_icon='\ue84b' data-av_iconfont='entypo-fontello'><\/span><span class='avia_iconbox_title' >Klik egin hemen, informazio gehiago<\/span><\/a><\/div><\/div><\/div><!--close column table wrapper. Autoclose: 1 -->\n\n<style type=\"text\/css\" data-created_by=\"avia_inline_auto\" id=\"style-css-av-b0h9u5-291887bf7e7c2d128801ed4629ce3d74\">\n#top .hr.hr-invisible.av-b0h9u5-291887bf7e7c2d128801ed4629ce3d74{\nheight:25px;\n}\n<\/style>\n<div  class='hr av-b0h9u5-291887bf7e7c2d128801ed4629ce3d74 hr-invisible  avia-builder-el-4  el_after_av_one_half  el_before_av_one_half  '><span class='hr-inner '><span class=\"hr-inner-style\"><\/span><\/span><\/div>\n\n<style type=\"text\/css\" data-created_by=\"avia_inline_auto\" id=\"style-css-av-8icoa5-6b8fb687328eac2e2b1c46eaf437c3dc\">\n#top .flex_column.av-8icoa5-6b8fb687328eac2e2b1c46eaf437c3dc{\nmargin-top:0px;\nmargin-bottom:0px;\n}\n.flex_column.av-8icoa5-6b8fb687328eac2e2b1c46eaf437c3dc{\nborder-radius:0px 0px 0px 0px;\n-webkit-border-radius:0px 0px 0px 0px;\n-moz-border-radius:0px 0px 0px 0px;\n}\n.responsive #top #wrap_all .flex_column.av-8icoa5-6b8fb687328eac2e2b1c46eaf437c3dc{\nmargin-top:0px;\nmargin-bottom:0px;\n}\n<\/style>\n<div class='flex_column av-8icoa5-6b8fb687328eac2e2b1c46eaf437c3dc av_one_half  avia-builder-el-5  el_after_av_hr  el_before_av_one_half  first flex_column_div av-zero-column-padding '   ><section class=\"av_textblock_section \"  itemscope=\"itemscope\" itemtype=\"https:\/\/schema.org\/CreativeWork\" ><div class='avia_textblock  '   itemprop=\"text\" ><h5>Non ikasten da?<\/h5>\n<ul>\n<li><a href=\"https:\/\/www.egibide.org\/eu\/campus-jesus-obrero\/\">Jes\u00fas Obrero (Goizez)<\/a><\/li>\n<\/ul>\n<h5>Zer Ikasten da?<\/h5>\n<ul>\n<li><span style=\"font-weight: 400;\">0786<\/span> <span style=\"font-weight: 400;\">Natura-ingurunea<\/span><\/li>\n<li><span style=\"font-weight: 400;\">0789<\/span> <span style=\"font-weight: 400;\">Metodo eta produktu kartografikoak<\/span><\/li>\n<li><span style=\"font-weight: 400;\">0788<\/span> <span style=\"font-weight: 400;\">Ingurumen-kudeaketa<\/span><\/li>\n<li><span style=\"font-weight: 400;\">0793<\/span> <span style=\"font-weight: 400;\">Ingurunean moldatzea<\/span><\/li>\n<li><span style=\"font-weight: 400;\">0792<\/span> <span style=\"font-weight: 400;\">Erabilera publikoko jarduerak<\/span><\/li>\n<li><span style=\"font-weight: 400;\">0017<\/span> <span style=\"font-weight: 400;\">Gizarte-trebetasunak<\/span><\/li>\n<li><span style=\"font-weight: 400;\">0791<\/span> <span style=\"font-weight: 400;\">Ingurumen-hezkuntzako programak<\/span><\/li>\n<li><span style=\"font-weight: 400;\">0785<\/span> <span style=\"font-weight: 400;\">Ingurumenaren egitura eta dinamika<\/span><\/li>\n<li><span style=\"font-weight: 400;\">0787<\/span> <span style=\"font-weight: 400;\">Giza jarduerak eta ingurumen-problematika<\/span><\/li>\n<li><span style=\"font-weight: 400;\">0790<\/span> <span style=\"font-weight: 400;\">Ingurumen-hezkuntzako teknikak<\/span><\/li>\n<li><span style=\"font-weight: 400;\">0156<\/span> <span style=\"font-weight: 400;\">Ingeles profesional<\/span><\/li>\n<li><span style=\"font-weight: 400;\">1709<\/span> <span style=\"font-weight: 400;\">Enplegagarritasunerako ibilbide pertsonala I<\/span><\/li>\n<li><span style=\"font-weight: 400;\">1710<\/span> <span style=\"font-weight: 400;\">Enplegagarritasunerako ibilbide pertsonala II<\/span><\/li>\n<li><span style=\"font-weight: 400;\">1664<\/span> <span style=\"font-weight: 400;\"> Ekoizpen-sektoreei aplikatutako Digitalizazioa<\/span><\/li>\n<li><span style=\"font-weight: 400;\">1708<\/span> <span style=\"font-weight: 400;\">Produkzio-sistemari aplikatutako iraunkortasuna<\/span><\/li>\n<li><span style=\"font-weight: 400;\">0794<\/span> <span style=\"font-weight: 400;\">Ingurumen-hezkuntza eta -kontroleko proiektua<\/span><\/li>\n<li><span style=\"font-weight: 400;\">Hautazko modulua(k)<\/span><\/li>\n<\/ul>\n<\/div><\/section><\/div>\n<style type=\"text\/css\" data-created_by=\"avia_inline_auto\" id=\"style-css-av-6bjqnh-3515a0ff50de4c08a2808e684c98cd57\">\n#top .flex_column.av-6bjqnh-3515a0ff50de4c08a2808e684c98cd57{\nmargin-top:0px;\nmargin-bottom:0px;\n}\n.flex_column.av-6bjqnh-3515a0ff50de4c08a2808e684c98cd57{\nborder-radius:0px 0px 0px 0px;\n-webkit-border-radius:0px 0px 0px 0px;\n-moz-border-radius:0px 0px 0px 0px;\n}\n.responsive #top #wrap_all .flex_column.av-6bjqnh-3515a0ff50de4c08a2808e684c98cd57{\nmargin-top:0px;\nmargin-bottom:0px;\n}\n<\/style>\n<div class='flex_column av-6bjqnh-3515a0ff50de4c08a2808e684c98cd57 av_one_half  avia-builder-el-7  el_after_av_one_half  avia-builder-el-last  flex_column_div av-zero-column-padding '   ><p>\n<style type=\"text\/css\" data-created_by=\"avia_inline_auto\" id=\"style-css-av-4hewrx-54cf23c4b35482a21bc9917d94d66f5b\">\n#top .hr.av-4hewrx-54cf23c4b35482a21bc9917d94d66f5b{\nmargin-top:5px;\nmargin-bottom:10px;\n}\n.hr.av-4hewrx-54cf23c4b35482a21bc9917d94d66f5b .hr-inner{\nwidth:100%;\nmax-width:45%;\n}\n<\/style>\n<div  class='hr av-4hewrx-54cf23c4b35482a21bc9917d94d66f5b hr-custom  avia-builder-el-8  el_before_av_textblock  avia-builder-el-first  hr-center hr-icon-yes '><span class='hr-inner inner-border-av-border-none'><span class=\"hr-inner-style\"><\/span><\/span><span class='av-seperator-icon' aria-hidden='true' data-av_icon='\ue808' data-av_iconfont='entypo-fontello'><\/span><span class='hr-inner inner-border-av-border-none'><span class=\"hr-inner-style\"><\/span><\/span><\/div><br \/>\n<section class=\"av_textblock_section \"  itemscope=\"itemscope\" itemtype=\"https:\/\/schema.org\/CreativeWork\" ><div class='avia_textblock  '   itemprop=\"text\" ><h5>Non egiten da lan?<\/h5>\n<ul>\n<li>Ingurumen-hezitzailea.<\/li>\n<li>Ingurumen-informatzailea.<\/li>\n<li>Ingurumen-hezkuntzako monitorea.<\/li>\n<li>Ingurumen-dokumentalista.<\/li>\n<li>Ingurumen-gidaria.<\/li>\n<li>Ingurumen-jardueren programatzailea.<\/li>\n<li>Natura-ondareko gidari-interpretatzailea.<\/li>\n<li>Ingurumen-kudeaketako zerbitzuko profesionala.<\/li>\n<li>Ingurumen-zerbitzuko profesionala.<\/li>\n<li>Naturaguneak kontrolatzeko teknikaria.<\/li>\n<li>Naturako monitorea.<\/li>\n<li>Ingurumen-agentea edo antzekoa.<\/li>\n<li>Ingurumen-ekipamenduetako monitorea.<\/li>\n<\/ul>\n<h5>Zer Ikasi dezaket ondoren?<\/h5>\n<ul>\n<li>Antzeko unibertsitate-ikasketerako sarrera zuzen, eta zenbait ikasgai balioztatzeko aukerarekin.<\/li>\n<li>Beste Goi Mailako Heziketa osagarri batzuk.<\/li>\n<\/ul>\n<\/div><\/section><\/p><\/div><\/p>\n","protected":false},"excerpt":{"rendered":"","protected":false},"author":8,"featured_media":0,"parent":4089,"menu_order":0,"comment_status":"closed","ping_status":"closed","template":"template-sitemap.php","meta":{"_acf_changed":false,"footnotes":""},"class_list":["post-3837","page","type-page","status-publish","hentry"],"acf":{"tituloasdasdasd":"HEZKUNTZA ESKAINTZA","descripcion23":"Impartimos Educaci\u00f3n Secundaria Obligatoria (ESO), Bachillerato y Formaci\u00f3n Profesional en <b>13 familias profesionales diferentes<\/b>, adem\u00e1s de Formaci\u00f3n Profesional B\u00e1sica, Aula de Aprendizaje de Tareas, as\u00ed como cursos de Formaci\u00f3n para el Empleo. ","cabecera":3115,"color_fondo":"#81005d","color_text_sd":"#ffffff","popup_activem":false,"compartir_p12":true,"titulo_soc12p":"Kurtso hau konpartitu ezazu","popup_egi":null,"crea_menu_visual_oferta_educativa":null},"yoast_head":"<!-- This site is optimized with the Yoast SEO plugin v27.0 - https:\/\/yoast.com\/product\/yoast-seo-wordpress\/ -->\n<title>Ingurumen Hezkuntza eta Kontrola - egibide.org<\/title>\n<meta name=\"robots\" content=\"index, follow, max-snippet:-1, max-image-preview:large, max-video-preview:-1\" \/>\n<link rel=\"canonical\" href=\"https:\/\/www.egibide.org\/eu\/hezkuntza-eskaintza\/goi-mailako-heziketa-zikloa\/educacion-control-ambiental\/\" \/>\n<meta property=\"og:locale\" content=\"eu_ES\" \/>\n<meta property=\"og:type\" content=\"article\" \/>\n<meta property=\"og:title\" content=\"Ingurumen Hezkuntza eta Kontrola - egibide.org\" \/>\n<meta property=\"og:url\" content=\"https:\/\/www.egibide.org\/eu\/hezkuntza-eskaintza\/goi-mailako-heziketa-zikloa\/educacion-control-ambiental\/\" \/>\n<meta property=\"og:site_name\" content=\"egibide.org\" \/>\n<meta property=\"article:publisher\" content=\"https:\/\/www.facebook.com\/Egibide\/\" \/>\n<meta property=\"article:modified_time\" content=\"2025-04-09T09:58:03+00:00\" \/>\n<script type=\"application\/ld+json\" class=\"yoast-schema-graph\">{\"@context\":\"https:\/\/schema.org\",\"@graph\":[{\"@type\":\"WebPage\",\"@id\":\"https:\/\/www.egibide.org\/eu\/hezkuntza-eskaintza\/goi-mailako-heziketa-zikloa\/educacion-control-ambiental\/\",\"url\":\"https:\/\/www.egibide.org\/eu\/hezkuntza-eskaintza\/goi-mailako-heziketa-zikloa\/educacion-control-ambiental\/\",\"name\":\"Ingurumen Hezkuntza eta Kontrola - egibide.org\",\"isPartOf\":{\"@id\":\"https:\/\/www.egibide.org\/#website\"},\"datePublished\":\"2017-07-10T12:35:58+00:00\",\"dateModified\":\"2025-04-09T09:58:03+00:00\",\"breadcrumb\":{\"@id\":\"https:\/\/www.egibide.org\/eu\/hezkuntza-eskaintza\/goi-mailako-heziketa-zikloa\/educacion-control-ambiental\/#breadcrumb\"},\"inLanguage\":\"eu-ES\",\"potentialAction\":[{\"@type\":\"ReadAction\",\"target\":[\"https:\/\/www.egibide.org\/eu\/hezkuntza-eskaintza\/goi-mailako-heziketa-zikloa\/educacion-control-ambiental\/\"]}]},{\"@type\":\"BreadcrumbList\",\"@id\":\"https:\/\/www.egibide.org\/eu\/hezkuntza-eskaintza\/goi-mailako-heziketa-zikloa\/educacion-control-ambiental\/#breadcrumb\",\"itemListElement\":[{\"@type\":\"ListItem\",\"position\":1,\"name\":\"Hezkuntza Eskaintza\",\"item\":\"https:\/\/www.egibide.org\/eu\/hezkuntza-eskaintza\/\"},{\"@type\":\"ListItem\",\"position\":2,\"name\":\"Goi Mailako Heziketa Zikloak\",\"item\":\"https:\/\/www.egibide.org\/eu\/hezkuntza-eskaintza\/goi-mailako-heziketa-zikloa\/\"},{\"@type\":\"ListItem\",\"position\":3,\"name\":\"Ingurumen Hezkuntza eta Kontrola\"}]},{\"@type\":\"WebSite\",\"@id\":\"https:\/\/www.egibide.org\/#website\",\"url\":\"https:\/\/www.egibide.org\/\",\"name\":\"egibide.org\",\"description\":\"Educaci\u00f3n Secundaria y Formaci\u00f3n Profesional\",\"publisher\":{\"@id\":\"https:\/\/www.egibide.org\/#organization\"},\"potentialAction\":[{\"@type\":\"SearchAction\",\"target\":{\"@type\":\"EntryPoint\",\"urlTemplate\":\"https:\/\/www.egibide.org\/?s={search_term_string}\"},\"query-input\":{\"@type\":\"PropertyValueSpecification\",\"valueRequired\":true,\"valueName\":\"search_term_string\"}}],\"inLanguage\":\"eu-ES\"},{\"@type\":\"Organization\",\"@id\":\"https:\/\/www.egibide.org\/#organization\",\"name\":\"Egibide\",\"url\":\"https:\/\/www.egibide.org\/\",\"logo\":{\"@type\":\"ImageObject\",\"inLanguage\":\"eu-ES\",\"@id\":\"https:\/\/www.egibide.org\/#\/schema\/logo\/image\/\",\"url\":\"https:\/\/www.egibide.org\/file\/2019\/07\/logo_egibide_cuadrado-copia.jpg\",\"contentUrl\":\"https:\/\/www.egibide.org\/file\/2019\/07\/logo_egibide_cuadrado-copia.jpg\",\"width\":1696,\"height\":701,\"caption\":\"Egibide\"},\"image\":{\"@id\":\"https:\/\/www.egibide.org\/#\/schema\/logo\/image\/\"},\"sameAs\":[\"https:\/\/www.facebook.com\/Egibide\/\",\"https:\/\/x.com\/egibide\",\"https:\/\/www.youtube.com\/user\/Egibide\"]}]}<\/script>\n<!-- \/ Yoast SEO plugin. -->","yoast_head_json":{"title":"Ingurumen Hezkuntza eta Kontrola - egibide.org","robots":{"index":"index","follow":"follow","max-snippet":"max-snippet:-1","max-image-preview":"max-image-preview:large","max-video-preview":"max-video-preview:-1"},"canonical":"https:\/\/www.egibide.org\/eu\/hezkuntza-eskaintza\/goi-mailako-heziketa-zikloa\/educacion-control-ambiental\/","og_locale":"eu_ES","og_type":"article","og_title":"Ingurumen Hezkuntza eta Kontrola - egibide.org","og_url":"https:\/\/www.egibide.org\/eu\/hezkuntza-eskaintza\/goi-mailako-heziketa-zikloa\/educacion-control-ambiental\/","og_site_name":"egibide.org","article_publisher":"https:\/\/www.facebook.com\/Egibide\/","article_modified_time":"2025-04-09T09:58:03+00:00","schema":{"@context":"https:\/\/schema.org","@graph":[{"@type":"WebPage","@id":"https:\/\/www.egibide.org\/eu\/hezkuntza-eskaintza\/goi-mailako-heziketa-zikloa\/educacion-control-ambiental\/","url":"https:\/\/www.egibide.org\/eu\/hezkuntza-eskaintza\/goi-mailako-heziketa-zikloa\/educacion-control-ambiental\/","name":"Ingurumen Hezkuntza eta Kontrola - egibide.org","isPartOf":{"@id":"https:\/\/www.egibide.org\/#website"},"datePublished":"2017-07-10T12:35:58+00:00","dateModified":"2025-04-09T09:58:03+00:00","breadcrumb":{"@id":"https:\/\/www.egibide.org\/eu\/hezkuntza-eskaintza\/goi-mailako-heziketa-zikloa\/educacion-control-ambiental\/#breadcrumb"},"inLanguage":"eu-ES","potentialAction":[{"@type":"ReadAction","target":["https:\/\/www.egibide.org\/eu\/hezkuntza-eskaintza\/goi-mailako-heziketa-zikloa\/educacion-control-ambiental\/"]}]},{"@type":"BreadcrumbList","@id":"https:\/\/www.egibide.org\/eu\/hezkuntza-eskaintza\/goi-mailako-heziketa-zikloa\/educacion-control-ambiental\/#breadcrumb","itemListElement":[{"@type":"ListItem","position":1,"name":"Hezkuntza Eskaintza","item":"https:\/\/www.egibide.org\/eu\/hezkuntza-eskaintza\/"},{"@type":"ListItem","position":2,"name":"Goi Mailako Heziketa Zikloak","item":"https:\/\/www.egibide.org\/eu\/hezkuntza-eskaintza\/goi-mailako-heziketa-zikloa\/"},{"@type":"ListItem","position":3,"name":"Ingurumen Hezkuntza eta Kontrola"}]},{"@type":"WebSite","@id":"https:\/\/www.egibide.org\/#website","url":"https:\/\/www.egibide.org\/","name":"egibide.org","description":"Educaci\u00f3n Secundaria y Formaci\u00f3n Profesional","publisher":{"@id":"https:\/\/www.egibide.org\/#organization"},"potentialAction":[{"@type":"SearchAction","target":{"@type":"EntryPoint","urlTemplate":"https:\/\/www.egibide.org\/?s={search_term_string}"},"query-input":{"@type":"PropertyValueSpecification","valueRequired":true,"valueName":"search_term_string"}}],"inLanguage":"eu-ES"},{"@type":"Organization","@id":"https:\/\/www.egibide.org\/#organization","name":"Egibide","url":"https:\/\/www.egibide.org\/","logo":{"@type":"ImageObject","inLanguage":"eu-ES","@id":"https:\/\/www.egibide.org\/#\/schema\/logo\/image\/","url":"https:\/\/www.egibide.org\/file\/2019\/07\/logo_egibide_cuadrado-copia.jpg","contentUrl":"https:\/\/www.egibide.org\/file\/2019\/07\/logo_egibide_cuadrado-copia.jpg","width":1696,"height":701,"caption":"Egibide"},"image":{"@id":"https:\/\/www.egibide.org\/#\/schema\/logo\/image\/"},"sameAs":["https:\/\/www.facebook.com\/Egibide\/","https:\/\/x.com\/egibide","https:\/\/www.youtube.com\/user\/Egibide"]}]}},"_links":{"self":[{"href":"https:\/\/www.egibide.org\/eu\/wp-json\/wp\/v2\/pages\/3837","targetHints":{"allow":["GET"]}}],"collection":[{"href":"https:\/\/www.egibide.org\/eu\/wp-json\/wp\/v2\/pages"}],"about":[{"href":"https:\/\/www.egibide.org\/eu\/wp-json\/wp\/v2\/types\/page"}],"author":[{"embeddable":true,"href":"https:\/\/www.egibide.org\/eu\/wp-json\/wp\/v2\/users\/8"}],"replies":[{"embeddable":true,"href":"https:\/\/www.egibide.org\/eu\/wp-json\/wp\/v2\/comments?post=3837"}],"version-history":[{"count":2,"href":"https:\/\/www.egibide.org\/eu\/wp-json\/wp\/v2\/pages\/3837\/revisions"}],"predecessor-version":[{"id":134922,"href":"https:\/\/www.egibide.org\/eu\/wp-json\/wp\/v2\/pages\/3837\/revisions\/134922"}],"up":[{"embeddable":true,"href":"https:\/\/www.egibide.org\/eu\/wp-json\/wp\/v2\/pages\/4089"}],"wp:attachment":[{"href":"https:\/\/www.egibide.org\/eu\/wp-json\/wp\/v2\/media?parent=3837"}],"curies":[{"name":"wp","href":"https:\/\/api.w.org\/{rel}","templated":true}]}}