{"id":3862,"date":"2017-07-10T14:32:11","date_gmt":"2017-07-10T12:32:11","guid":{"rendered":"https:\/\/www.egibide.org\/ortoprotesis-productos-apoyo\/"},"modified":"2025-04-09T11:59:40","modified_gmt":"2025-04-09T09:59:40","slug":"ortoprotesis-productos-apoyo","status":"publish","type":"page","link":"https:\/\/www.egibide.org\/eu\/hezkuntza-eskaintza\/goi-mailako-heziketa-zikloa\/ortoprotesis-productos-apoyo\/","title":{"rendered":"Ortoprotesia eta Laguntza Produktuak"},"content":{"rendered":"<div class='flex_column_table av-1ezfie-84b536a41861e905cde2bfdac4a43efc sc-av_one_half av-equal-height-column-flextable'>\n<style type=\"text\/css\" data-created_by=\"avia_inline_auto\" id=\"style-css-av-1ezfie-84b536a41861e905cde2bfdac4a43efc\">\n#top .flex_column_table.av-equal-height-column-flextable.av-1ezfie-84b536a41861e905cde2bfdac4a43efc{\nmargin-top:0px;\nmargin-bottom:0px;\n}\n.flex_column.av-1ezfie-84b536a41861e905cde2bfdac4a43efc{\nborder-radius:0px 0px 0px 0px;\n-webkit-border-radius:0px 0px 0px 0px;\n-moz-border-radius:0px 0px 0px 0px;\npadding:10px 10px 10px 10px;\nbackground-color:#f7f7f7;\n}\n<\/style>\n<div class='flex_column av-1ezfie-84b536a41861e905cde2bfdac4a43efc av_one_half  avia-builder-el-0  el_before_av_one_half  avia-builder-el-first  first no_margin flex_column_table_cell av-equal-height-column av-align-middle '   ><section class=\"av_textblock_section \"  itemscope=\"itemscope\" itemtype=\"https:\/\/schema.org\/CreativeWork\" ><div class='avia_textblock  '   itemprop=\"text\" ><h2>Ortoprotesia eta Laguntza Produktuak<\/h2>\n<\/div><\/section><\/div>\n\n<style type=\"text\/css\" data-created_by=\"avia_inline_auto\" id=\"style-css-av-arzuhi-32a8d6bf1e3199e1f51ff442b8b911ba\">\n#top .flex_column_table.av-equal-height-column-flextable.av-arzuhi-32a8d6bf1e3199e1f51ff442b8b911ba{\nmargin-top:0px;\nmargin-bottom:0px;\n}\n.flex_column.av-arzuhi-32a8d6bf1e3199e1f51ff442b8b911ba{\nborder-radius:0px 0px 0px 0px;\n-webkit-border-radius:0px 0px 0px 0px;\n-moz-border-radius:0px 0px 0px 0px;\npadding:10px 10px 10px 10px;\nbackground-color:#f7f7f7;\n}\n<\/style>\n<div class='flex_column av-arzuhi-32a8d6bf1e3199e1f51ff442b8b911ba av_one_half  avia-builder-el-2  el_after_av_one_half  el_before_av_hr  no_margin flex_column_table_cell av-equal-height-column av-align-middle '   ><div  class='avia-button-wrap avia-button-left  avia-builder-el-3  avia-builder-el-no-sibling ' >\n<style type=\"text\/css\" data-created_by=\"avia_inline_auto\" id=\"style-css-av-jialimr6-d837881e8d4b7d7ef18671583dfafe1b\">\n#top #wrap_all .avia-button.av-jialimr6-d837881e8d4b7d7ef18671583dfafe1b{\nbackground-color:#8c8c8c;\nborder-color:#8c8c8c;\ncolor:#ffffff;\ntransition:all 0.4s ease-in-out;\n-webkit-transition:all 0.4s ease-in-out;\n-moz-transition:all 0.4s ease-in-out;\n-ms-transition:all 0.4s ease-in-out;\n-o-transition:all 0.4s ease-in-out;\n}\n<\/style>\n<a href='https:\/\/www.egibide.org\/eu\/secretaria\/'  class='avia-button av-jialimr6-d837881e8d4b7d7ef18671583dfafe1b avia-icon_select-yes-left-icon avia-size-medium avia-position-left '  target=\"_blank\"  rel=\"noopener noreferrer\"><span class='avia_button_icon avia_button_icon_left' aria-hidden='true' data-av_icon='\ue84b' data-av_iconfont='entypo-fontello'><\/span><span class='avia_iconbox_title' >Klik egin hemen, informazio gehiago<\/span><\/a><\/div><\/div><\/div><!--close column table wrapper. Autoclose: 1 -->\n\n<style type=\"text\/css\" data-created_by=\"avia_inline_auto\" id=\"style-css-av-98sj9y-aa6a11675bb74a69aed260b96a8cc36a\">\n#top .hr.hr-invisible.av-98sj9y-aa6a11675bb74a69aed260b96a8cc36a{\nheight:25px;\n}\n<\/style>\n<div  class='hr av-98sj9y-aa6a11675bb74a69aed260b96a8cc36a hr-invisible  avia-builder-el-4  el_after_av_one_half  el_before_av_one_half  '><span class='hr-inner '><span class=\"hr-inner-style\"><\/span><\/span><\/div>\n\n<style type=\"text\/css\" data-created_by=\"avia_inline_auto\" id=\"style-css-av-74ku4m-ac1c02f5c6c598689009f8e8a2ee98b9\">\n#top .flex_column.av-74ku4m-ac1c02f5c6c598689009f8e8a2ee98b9{\nmargin-top:0px;\nmargin-bottom:0px;\n}\n.flex_column.av-74ku4m-ac1c02f5c6c598689009f8e8a2ee98b9{\nborder-radius:0px 0px 0px 0px;\n-webkit-border-radius:0px 0px 0px 0px;\n-moz-border-radius:0px 0px 0px 0px;\n}\n.responsive #top #wrap_all .flex_column.av-74ku4m-ac1c02f5c6c598689009f8e8a2ee98b9{\nmargin-top:0px;\nmargin-bottom:0px;\n}\n<\/style>\n<div class='flex_column av-74ku4m-ac1c02f5c6c598689009f8e8a2ee98b9 av_one_half  avia-builder-el-5  el_after_av_hr  el_before_av_one_half  first flex_column_div av-zero-column-padding '   ><section class=\"av_textblock_section \"  itemscope=\"itemscope\" itemtype=\"https:\/\/schema.org\/CreativeWork\" ><div class='avia_textblock  '   itemprop=\"text\" ><h5>Non ikasten da?<\/h5>\n<ul>\n<li><a href=\"https:\/\/www.egibide.org\/eu\/campus-nieves-cano\/\">Nieves Cano (Goizez)<\/a><\/li>\n<\/ul>\n<h5>Zer Ikasten da?<\/h5>\n<ul>\n<li><span style=\"font-weight: 400;\">0326<\/span> <span style=\"font-weight: 400;\">Diseinu eta moldekatze anatomikoa<\/span><\/li>\n<li><span style=\"font-weight: 400;\">0327<\/span> <span style=\"font-weight: 400;\">Ortesi aurrefabrikatuak egokitzea<\/span><\/li>\n<li><span style=\"font-weight: 400;\">0330<\/span> <span style=\"font-weight: 400;\">Laguntza-produktuak egokitzea<\/span><\/li>\n<li><span style=\"font-weight: 400;\">0331<\/span> <span style=\"font-weight: 400;\">Biomekanika eta patologia aplikatuak<\/span><\/li>\n<li><span style=\"font-weight: 400;\">0332<\/span> <span style=\"font-weight: 400;\">Laguntza psikosoziala<\/span><\/li>\n<li><span style=\"font-weight: 400;\">0061<\/span> <span style=\"font-weight: 400;\">Oinarrizko anatomofisiologia eta patologia<\/span><\/li>\n<li><span style=\"font-weight: 400;\">0325<\/span> <span style=\"font-weight: 400;\">Jarduera ortoprotesikora aplikatutako industria-teknologia<\/span><\/li>\n<li><span style=\"font-weight: 400;\">0328<\/span> <span style=\"font-weight: 400;\">Produktu ortesikoak neurria egitea eta egokitzea<\/span><\/li>\n<li><span style=\"font-weight: 400;\">0329<\/span> <span style=\"font-weight: 400;\">Kanpoko protesiak egitea eta egokitzea<\/span><\/li>\n<li><span style=\"font-weight: 400;\">0179<\/span> <span style=\"font-weight: 400;\">Ingeles profesionala<\/span><\/li>\n<li><span style=\"font-weight: 400;\">1709<\/span> <span style=\"font-weight: 400;\">Enplegagarritasunerako ibilbide pertsonala I<\/span><\/li>\n<li><span style=\"font-weight: 400;\">1710<\/span> <span style=\"font-weight: 400;\">Enplegagarritasunerako ibilbide pertsonala II<\/span><\/li>\n<li><span style=\"font-weight: 400;\">1664<\/span> <span style=\"font-weight: 400;\">Produkzio-sektoreei aplikatutako digitalizazioa<\/span><\/li>\n<li><span style=\"font-weight: 400;\">1708<\/span> <span style=\"font-weight: 400;\">Produkzio-sistemari aplikatutako iraunkortasuna<\/span><\/li>\n<li><span style=\"font-weight: 400;\">Proiektu intermodularra<\/span><\/li>\n<li><span style=\"font-weight: 400;\">Hautazko modulua(k)<\/span><\/li>\n<\/ul>\n<\/div><\/section><\/div>\n<style type=\"text\/css\" data-created_by=\"avia_inline_auto\" id=\"style-css-av-dlu5i-30e39c4c7a0e8e7576eb827cf8bcaa30\">\n#top .flex_column.av-dlu5i-30e39c4c7a0e8e7576eb827cf8bcaa30{\nmargin-top:0px;\nmargin-bottom:0px;\n}\n.flex_column.av-dlu5i-30e39c4c7a0e8e7576eb827cf8bcaa30{\nborder-radius:0px 0px 0px 0px;\n-webkit-border-radius:0px 0px 0px 0px;\n-moz-border-radius:0px 0px 0px 0px;\n}\n.responsive #top #wrap_all .flex_column.av-dlu5i-30e39c4c7a0e8e7576eb827cf8bcaa30{\nmargin-top:0px;\nmargin-bottom:0px;\n}\n<\/style>\n<div class='flex_column av-dlu5i-30e39c4c7a0e8e7576eb827cf8bcaa30 av_one_half  avia-builder-el-7  el_after_av_one_half  el_before_av_one_half  flex_column_div av-zero-column-padding '   ><section class=\"av_textblock_section \"  itemscope=\"itemscope\" itemtype=\"https:\/\/schema.org\/CreativeWork\" ><div class='avia_textblock  '   itemprop=\"text\" ><h5>Non egiten da lan?<\/h5>\n<ul>\n<li>Ortoprotesi Teknikaria.<\/li>\n<li>Ortopedia Teknikaria.<\/li>\n<li>Produktu ortoprotesikoen eta laguntza produktuen egokitze\/distribuzio saltokien eta serieko fabrikazioaren arduradun teknikoa.<\/li>\n<li>Osasun bisitari\/ordezkaria.<\/li>\n<li>Sektoreko produktu eta zerbitzuen aholkularia.<\/li>\n<\/ul>\n<h5>Zer Ikasi dezaket ondoren?<\/h5>\n<ul>\n<li>Antzeko unibertsitate-ikasketerako sarrera zuzen, eta zenbait ikasgai balioztatzeko aukerarekin.<\/li>\n<li>Beste Goi Mailako Heziketa osagarri batzuk.<\/li>\n<\/ul>\n<\/div><\/section><\/div><\/p>\n<div class='flex_column av-av_one_half-d846867a37b468541bc8830743d44203 av_one_half  avia-builder-el-9  el_after_av_one_half  avia-builder-el-last  first flex_column_div column-top-margin'   ><\/div>\n","protected":false},"excerpt":{"rendered":"","protected":false},"author":8,"featured_media":0,"parent":4089,"menu_order":0,"comment_status":"closed","ping_status":"closed","template":"template-sitemap.php","meta":{"_acf_changed":false,"footnotes":""},"class_list":["post-3862","page","type-page","status-publish","hentry"],"acf":{"tituloasdasdasd":"HEZKUNTZA ESKAINTZA","descripcion23":"Impartimos Educaci\u00f3n Secundaria Obligatoria (ESO), Bachillerato y Formaci\u00f3n Profesional en <b>13 familias profesionales diferentes<\/b>, adem\u00e1s de Formaci\u00f3n Profesional B\u00e1sica, Aula de Aprendizaje de Tareas, as\u00ed como cursos de Formaci\u00f3n para el Empleo. ","cabecera":3115,"color_fondo":"#81005d","color_text_sd":"#ffffff","popup_activem":false,"compartir_p12":true,"titulo_soc12p":"Kurtso hau konpartitu ezazu","popup_egi":null,"crea_menu_visual_oferta_educativa":null},"yoast_head":"<!-- This site is optimized with the Yoast SEO plugin v27.0 - https:\/\/yoast.com\/product\/yoast-seo-wordpress\/ -->\n<title>Ortoprotesia eta Laguntza Produktuak - egibide.org<\/title>\n<meta name=\"robots\" content=\"index, follow, max-snippet:-1, max-image-preview:large, max-video-preview:-1\" \/>\n<link rel=\"canonical\" href=\"https:\/\/www.egibide.org\/eu\/hezkuntza-eskaintza\/goi-mailako-heziketa-zikloa\/ortoprotesis-productos-apoyo\/\" \/>\n<meta property=\"og:locale\" content=\"eu_ES\" \/>\n<meta property=\"og:type\" content=\"article\" \/>\n<meta property=\"og:title\" content=\"Ortoprotesia eta Laguntza Produktuak - egibide.org\" \/>\n<meta property=\"og:url\" content=\"https:\/\/www.egibide.org\/eu\/hezkuntza-eskaintza\/goi-mailako-heziketa-zikloa\/ortoprotesis-productos-apoyo\/\" \/>\n<meta property=\"og:site_name\" content=\"egibide.org\" \/>\n<meta property=\"article:publisher\" content=\"https:\/\/www.facebook.com\/Egibide\/\" \/>\n<meta property=\"article:modified_time\" content=\"2025-04-09T09:59:40+00:00\" \/>\n<script type=\"application\/ld+json\" class=\"yoast-schema-graph\">{\"@context\":\"https:\/\/schema.org\",\"@graph\":[{\"@type\":\"WebPage\",\"@id\":\"https:\/\/www.egibide.org\/eu\/hezkuntza-eskaintza\/goi-mailako-heziketa-zikloa\/ortoprotesis-productos-apoyo\/\",\"url\":\"https:\/\/www.egibide.org\/eu\/hezkuntza-eskaintza\/goi-mailako-heziketa-zikloa\/ortoprotesis-productos-apoyo\/\",\"name\":\"Ortoprotesia eta Laguntza Produktuak - egibide.org\",\"isPartOf\":{\"@id\":\"https:\/\/www.egibide.org\/#website\"},\"datePublished\":\"2017-07-10T12:32:11+00:00\",\"dateModified\":\"2025-04-09T09:59:40+00:00\",\"breadcrumb\":{\"@id\":\"https:\/\/www.egibide.org\/eu\/hezkuntza-eskaintza\/goi-mailako-heziketa-zikloa\/ortoprotesis-productos-apoyo\/#breadcrumb\"},\"inLanguage\":\"eu-ES\",\"potentialAction\":[{\"@type\":\"ReadAction\",\"target\":[\"https:\/\/www.egibide.org\/eu\/hezkuntza-eskaintza\/goi-mailako-heziketa-zikloa\/ortoprotesis-productos-apoyo\/\"]}]},{\"@type\":\"BreadcrumbList\",\"@id\":\"https:\/\/www.egibide.org\/eu\/hezkuntza-eskaintza\/goi-mailako-heziketa-zikloa\/ortoprotesis-productos-apoyo\/#breadcrumb\",\"itemListElement\":[{\"@type\":\"ListItem\",\"position\":1,\"name\":\"Hezkuntza Eskaintza\",\"item\":\"https:\/\/www.egibide.org\/eu\/hezkuntza-eskaintza\/\"},{\"@type\":\"ListItem\",\"position\":2,\"name\":\"Goi Mailako Heziketa Zikloak\",\"item\":\"https:\/\/www.egibide.org\/eu\/hezkuntza-eskaintza\/goi-mailako-heziketa-zikloa\/\"},{\"@type\":\"ListItem\",\"position\":3,\"name\":\"Ortoprotesia eta Laguntza Produktuak\"}]},{\"@type\":\"WebSite\",\"@id\":\"https:\/\/www.egibide.org\/#website\",\"url\":\"https:\/\/www.egibide.org\/\",\"name\":\"egibide.org\",\"description\":\"Educaci\u00f3n Secundaria y Formaci\u00f3n Profesional\",\"publisher\":{\"@id\":\"https:\/\/www.egibide.org\/#organization\"},\"potentialAction\":[{\"@type\":\"SearchAction\",\"target\":{\"@type\":\"EntryPoint\",\"urlTemplate\":\"https:\/\/www.egibide.org\/?s={search_term_string}\"},\"query-input\":{\"@type\":\"PropertyValueSpecification\",\"valueRequired\":true,\"valueName\":\"search_term_string\"}}],\"inLanguage\":\"eu-ES\"},{\"@type\":\"Organization\",\"@id\":\"https:\/\/www.egibide.org\/#organization\",\"name\":\"Egibide\",\"url\":\"https:\/\/www.egibide.org\/\",\"logo\":{\"@type\":\"ImageObject\",\"inLanguage\":\"eu-ES\",\"@id\":\"https:\/\/www.egibide.org\/#\/schema\/logo\/image\/\",\"url\":\"https:\/\/www.egibide.org\/file\/2019\/07\/logo_egibide_cuadrado-copia.jpg\",\"contentUrl\":\"https:\/\/www.egibide.org\/file\/2019\/07\/logo_egibide_cuadrado-copia.jpg\",\"width\":1696,\"height\":701,\"caption\":\"Egibide\"},\"image\":{\"@id\":\"https:\/\/www.egibide.org\/#\/schema\/logo\/image\/\"},\"sameAs\":[\"https:\/\/www.facebook.com\/Egibide\/\",\"https:\/\/x.com\/egibide\",\"https:\/\/www.youtube.com\/user\/Egibide\"]}]}<\/script>\n<!-- \/ Yoast SEO plugin. -->","yoast_head_json":{"title":"Ortoprotesia eta Laguntza Produktuak - egibide.org","robots":{"index":"index","follow":"follow","max-snippet":"max-snippet:-1","max-image-preview":"max-image-preview:large","max-video-preview":"max-video-preview:-1"},"canonical":"https:\/\/www.egibide.org\/eu\/hezkuntza-eskaintza\/goi-mailako-heziketa-zikloa\/ortoprotesis-productos-apoyo\/","og_locale":"eu_ES","og_type":"article","og_title":"Ortoprotesia eta Laguntza Produktuak - egibide.org","og_url":"https:\/\/www.egibide.org\/eu\/hezkuntza-eskaintza\/goi-mailako-heziketa-zikloa\/ortoprotesis-productos-apoyo\/","og_site_name":"egibide.org","article_publisher":"https:\/\/www.facebook.com\/Egibide\/","article_modified_time":"2025-04-09T09:59:40+00:00","schema":{"@context":"https:\/\/schema.org","@graph":[{"@type":"WebPage","@id":"https:\/\/www.egibide.org\/eu\/hezkuntza-eskaintza\/goi-mailako-heziketa-zikloa\/ortoprotesis-productos-apoyo\/","url":"https:\/\/www.egibide.org\/eu\/hezkuntza-eskaintza\/goi-mailako-heziketa-zikloa\/ortoprotesis-productos-apoyo\/","name":"Ortoprotesia eta Laguntza Produktuak - egibide.org","isPartOf":{"@id":"https:\/\/www.egibide.org\/#website"},"datePublished":"2017-07-10T12:32:11+00:00","dateModified":"2025-04-09T09:59:40+00:00","breadcrumb":{"@id":"https:\/\/www.egibide.org\/eu\/hezkuntza-eskaintza\/goi-mailako-heziketa-zikloa\/ortoprotesis-productos-apoyo\/#breadcrumb"},"inLanguage":"eu-ES","potentialAction":[{"@type":"ReadAction","target":["https:\/\/www.egibide.org\/eu\/hezkuntza-eskaintza\/goi-mailako-heziketa-zikloa\/ortoprotesis-productos-apoyo\/"]}]},{"@type":"BreadcrumbList","@id":"https:\/\/www.egibide.org\/eu\/hezkuntza-eskaintza\/goi-mailako-heziketa-zikloa\/ortoprotesis-productos-apoyo\/#breadcrumb","itemListElement":[{"@type":"ListItem","position":1,"name":"Hezkuntza Eskaintza","item":"https:\/\/www.egibide.org\/eu\/hezkuntza-eskaintza\/"},{"@type":"ListItem","position":2,"name":"Goi Mailako Heziketa Zikloak","item":"https:\/\/www.egibide.org\/eu\/hezkuntza-eskaintza\/goi-mailako-heziketa-zikloa\/"},{"@type":"ListItem","position":3,"name":"Ortoprotesia eta Laguntza Produktuak"}]},{"@type":"WebSite","@id":"https:\/\/www.egibide.org\/#website","url":"https:\/\/www.egibide.org\/","name":"egibide.org","description":"Educaci\u00f3n Secundaria y Formaci\u00f3n Profesional","publisher":{"@id":"https:\/\/www.egibide.org\/#organization"},"potentialAction":[{"@type":"SearchAction","target":{"@type":"EntryPoint","urlTemplate":"https:\/\/www.egibide.org\/?s={search_term_string}"},"query-input":{"@type":"PropertyValueSpecification","valueRequired":true,"valueName":"search_term_string"}}],"inLanguage":"eu-ES"},{"@type":"Organization","@id":"https:\/\/www.egibide.org\/#organization","name":"Egibide","url":"https:\/\/www.egibide.org\/","logo":{"@type":"ImageObject","inLanguage":"eu-ES","@id":"https:\/\/www.egibide.org\/#\/schema\/logo\/image\/","url":"https:\/\/www.egibide.org\/file\/2019\/07\/logo_egibide_cuadrado-copia.jpg","contentUrl":"https:\/\/www.egibide.org\/file\/2019\/07\/logo_egibide_cuadrado-copia.jpg","width":1696,"height":701,"caption":"Egibide"},"image":{"@id":"https:\/\/www.egibide.org\/#\/schema\/logo\/image\/"},"sameAs":["https:\/\/www.facebook.com\/Egibide\/","https:\/\/x.com\/egibide","https:\/\/www.youtube.com\/user\/Egibide"]}]}},"_links":{"self":[{"href":"https:\/\/www.egibide.org\/eu\/wp-json\/wp\/v2\/pages\/3862","targetHints":{"allow":["GET"]}}],"collection":[{"href":"https:\/\/www.egibide.org\/eu\/wp-json\/wp\/v2\/pages"}],"about":[{"href":"https:\/\/www.egibide.org\/eu\/wp-json\/wp\/v2\/types\/page"}],"author":[{"embeddable":true,"href":"https:\/\/www.egibide.org\/eu\/wp-json\/wp\/v2\/users\/8"}],"replies":[{"embeddable":true,"href":"https:\/\/www.egibide.org\/eu\/wp-json\/wp\/v2\/comments?post=3862"}],"version-history":[{"count":3,"href":"https:\/\/www.egibide.org\/eu\/wp-json\/wp\/v2\/pages\/3862\/revisions"}],"predecessor-version":[{"id":134926,"href":"https:\/\/www.egibide.org\/eu\/wp-json\/wp\/v2\/pages\/3862\/revisions\/134926"}],"up":[{"embeddable":true,"href":"https:\/\/www.egibide.org\/eu\/wp-json\/wp\/v2\/pages\/4089"}],"wp:attachment":[{"href":"https:\/\/www.egibide.org\/eu\/wp-json\/wp\/v2\/media?parent=3862"}],"curies":[{"name":"wp","href":"https:\/\/api.w.org\/{rel}","templated":true}]}}