{"id":4648,"date":"2017-09-15T13:30:58","date_gmt":"2017-09-15T11:30:58","guid":{"rendered":"https:\/\/www.egibide.org\/hezkuntza-eskaintza\/formacion-profesional-basica\/servicios-comerciales\/"},"modified":"2018-01-24T12:50:56","modified_gmt":"2018-01-24T11:50:56","slug":"servicios-comerciales","status":"publish","type":"page","link":"https:\/\/www.egibide.org\/eu\/hezkuntza-eskaintza\/formacion-profesional-basica\/servicios-comerciales\/","title":{"rendered":"Merkataritza zerbitzuak"},"content":{"rendered":"<div class='flex_column_table av-av_one_full-c44c2babeaad2f454d4e48cbd5f5ede7 sc-av_one_full av-equal-height-column-flextable'>\n<style type=\"text\/css\" data-created_by=\"avia_inline_auto\" id=\"style-css-av-av_one_full-c44c2babeaad2f454d4e48cbd5f5ede7\">\n#top .flex_column_table.av-equal-height-column-flextable.av-av_one_full-c44c2babeaad2f454d4e48cbd5f5ede7{\nmargin-top:0px;\nmargin-bottom:0px;\n}\n.flex_column.av-av_one_full-c44c2babeaad2f454d4e48cbd5f5ede7{\nborder-radius:0px 0px 0px 0px;\n-webkit-border-radius:0px 0px 0px 0px;\n-moz-border-radius:0px 0px 0px 0px;\npadding:10px 10px 10px 10px;\nbackground-color:#f7f7f7;\n}\n<\/style>\n<div class='flex_column av-av_one_full-c44c2babeaad2f454d4e48cbd5f5ede7 av_one_full  avia-builder-el-0  el_before_av_hr  avia-builder-el-first  first no_margin flex_column_table_cell av-equal-height-column av-align-middle '   ><section class=\"av_textblock_section \"  itemscope=\"itemscope\" itemtype=\"https:\/\/schema.org\/CreativeWork\" ><div class='avia_textblock  '   itemprop=\"text\" ><h2>Merkataritza zerbitzuak<\/h2>\n<\/div><\/section><\/div><\/div><!--close column table wrapper. Autoclose: 1 -->\n\n<style type=\"text\/css\" data-created_by=\"avia_inline_auto\" id=\"style-css-av-av_hr-1deae294de86921cadf9622fb2da0879\">\n#top .hr.hr-invisible.av-av_hr-1deae294de86921cadf9622fb2da0879{\nheight:25px;\n}\n<\/style>\n<div  class='hr av-av_hr-1deae294de86921cadf9622fb2da0879 hr-invisible  avia-builder-el-2  el_after_av_one_full  el_before_av_one_half  '><span class='hr-inner '><span class=\"hr-inner-style\"><\/span><\/span><\/div>\n\n<style type=\"text\/css\" data-created_by=\"avia_inline_auto\" id=\"style-css-av-av_one_half-93407bb19249d2c06b1ab9d23b9661df\">\n#top .flex_column.av-av_one_half-93407bb19249d2c06b1ab9d23b9661df{\nmargin-top:0px;\nmargin-bottom:0px;\n}\n.flex_column.av-av_one_half-93407bb19249d2c06b1ab9d23b9661df{\nborder-radius:0px 0px 0px 0px;\n-webkit-border-radius:0px 0px 0px 0px;\n-moz-border-radius:0px 0px 0px 0px;\n}\n.responsive #top #wrap_all .flex_column.av-av_one_half-93407bb19249d2c06b1ab9d23b9661df{\nmargin-top:0px;\nmargin-bottom:0px;\n}\n<\/style>\n<div class='flex_column av-av_one_half-93407bb19249d2c06b1ab9d23b9661df av_one_half  avia-builder-el-3  el_after_av_hr  el_before_av_one_half  first flex_column_div av-zero-column-padding '   ><section class=\"av_textblock_section \"  itemscope=\"itemscope\" itemtype=\"https:\/\/schema.org\/CreativeWork\" ><div class='avia_textblock  '   itemprop=\"text\" ><h5>Zer ikasten da?<\/h5>\n<ul>\n<li>Bere lanerako beharrezkoak diren ekipamendu eta materialak prestatu, funtzio eta aplikazio nagusiak eta mantenuko beharrak ezagutuz<\/li>\n<li>Datuak, testuak eta beste dokumentu batzuk informatikoki grabatzea, prozesuaren azkartasuna eta doitasuna balioetsiz.<\/li>\n<li>Testuak eta datuak informatikoki tratatzea, aplikazio informatikoak zereginaren arabera aukeratuz<\/li>\n<li>Dokumentazioa tramitatzea artxibatze, inprimatze eta transmititzearen bitartez, dokumentu-tipoa bere kokapenarekin erlazionatuz.<\/li>\n<\/ul>\n<\/div><\/section><\/div>\n\n<style type=\"text\/css\" data-created_by=\"avia_inline_auto\" id=\"style-css-av-av_one_half-0aa7055fe62c3622faec82866afbaeb2\">\n#top .flex_column.av-av_one_half-0aa7055fe62c3622faec82866afbaeb2{\nmargin-top:0px;\nmargin-bottom:0px;\n}\n.flex_column.av-av_one_half-0aa7055fe62c3622faec82866afbaeb2{\nborder-radius:0px 0px 0px 0px;\n-webkit-border-radius:0px 0px 0px 0px;\n-moz-border-radius:0px 0px 0px 0px;\n}\n.responsive #top #wrap_all .flex_column.av-av_one_half-0aa7055fe62c3622faec82866afbaeb2{\nmargin-top:0px;\nmargin-bottom:0px;\n}\n<\/style>\n<div class='flex_column av-av_one_half-0aa7055fe62c3622faec82866afbaeb2 av_one_half  avia-builder-el-5  el_after_av_one_half  el_before_av_hr  flex_column_div av-zero-column-padding '   ><section class=\"av_textblock_section \"  itemscope=\"itemscope\" itemtype=\"https:\/\/schema.org\/CreativeWork\" ><div class='avia_textblock  '   itemprop=\"text\" ><h5>Non egingo dut lan?<\/h5>\n<ul>\n<li>Saltokiko saltzailearen laguntzailea.<\/li>\n<li>Salguneko animazioko laguntzailea.<\/li>\n<li>Salmentako laguntzailea.<\/li>\n<li>Salmenta-sustapeneko laguntzailea.<\/li>\n<li>Birjarpeneko langilea.<\/li>\n<li>Kobratze-langilea edo kutxazaina.<\/li>\n<li>Eskaeretako langilea.<\/li>\n<li>Harrerako eta bidalketako eskorgaria.<\/li>\n<li>Harreretako eta bidalketetako zenbatzailea.<\/li>\n<li>Logistikako langilea.<\/li>\n<li>Informazioko laguntzailea.<\/li>\n<\/ul>\n<\/div><\/section><\/div>\n\n<style type=\"text\/css\" data-created_by=\"avia_inline_auto\" id=\"style-css-av-av_hr-d50449065512dfb87382cb0128eaa335\">\n#top .hr.hr-invisible.av-av_hr-d50449065512dfb87382cb0128eaa335{\nheight:100px;\n}\n<\/style>\n<div  class='hr av-av_hr-d50449065512dfb87382cb0128eaa335 hr-invisible  avia-builder-el-7  el_after_av_one_half  avia-builder-el-last  '><span class='hr-inner '><span class=\"hr-inner-style\"><\/span><\/span><\/div>\n","protected":false},"excerpt":{"rendered":"","protected":false},"author":8,"featured_media":0,"parent":4291,"menu_order":0,"comment_status":"closed","ping_status":"closed","template":"template-sitemap.php","meta":{"_acf_changed":false,"footnotes":""},"class_list":["post-4648","page","type-page","status-publish","hentry"],"acf":{"tituloasdasdasd":"OFERTA EDUCATIVA","descripcion23":"Impartimos Educaci\u00f3n Secundaria Obligatoria (ESO), Bachillerato y Formaci\u00f3n Profesional en 13 familias profesionales diferentes, adem\u00e1s de Formaci\u00f3n Profesional B\u00e1sica, Aula de Aprendizaje de Tareas, as\u00ed como cursos de Formaci\u00f3n para el Empleo.","cabecera":3115,"color_fondo":"#81005d","color_text_sd":"#ffffff","popup_activem":false,"compartir_p12":true,"titulo_soc12p":"Kurtso hau konpartitu ezazu","popup_egi":null,"crea_menu_visual_oferta_educativa":null},"yoast_head":"<!-- This site is optimized with the Yoast SEO plugin v27.0 - https:\/\/yoast.com\/product\/yoast-seo-wordpress\/ -->\n<title>Merkataritza zerbitzuak - egibide.org<\/title>\n<meta name=\"robots\" content=\"index, follow, max-snippet:-1, max-image-preview:large, max-video-preview:-1\" \/>\n<link rel=\"canonical\" href=\"https:\/\/www.egibide.org\/eu\/hezkuntza-eskaintza\/formacion-profesional-basica\/servicios-comerciales\/\" \/>\n<meta property=\"og:locale\" content=\"eu_ES\" \/>\n<meta property=\"og:type\" content=\"article\" \/>\n<meta property=\"og:title\" content=\"Merkataritza zerbitzuak - egibide.org\" \/>\n<meta property=\"og:url\" content=\"https:\/\/www.egibide.org\/eu\/hezkuntza-eskaintza\/formacion-profesional-basica\/servicios-comerciales\/\" \/>\n<meta property=\"og:site_name\" content=\"egibide.org\" \/>\n<meta property=\"article:publisher\" content=\"https:\/\/www.facebook.com\/Egibide\/\" \/>\n<meta property=\"article:modified_time\" content=\"2018-01-24T11:50:56+00:00\" \/>\n<script type=\"application\/ld+json\" class=\"yoast-schema-graph\">{\"@context\":\"https:\/\/schema.org\",\"@graph\":[{\"@type\":\"WebPage\",\"@id\":\"https:\/\/www.egibide.org\/eu\/hezkuntza-eskaintza\/formacion-profesional-basica\/servicios-comerciales\/\",\"url\":\"https:\/\/www.egibide.org\/eu\/hezkuntza-eskaintza\/formacion-profesional-basica\/servicios-comerciales\/\",\"name\":\"Merkataritza zerbitzuak - egibide.org\",\"isPartOf\":{\"@id\":\"https:\/\/www.egibide.org\/#website\"},\"datePublished\":\"2017-09-15T11:30:58+00:00\",\"dateModified\":\"2018-01-24T11:50:56+00:00\",\"breadcrumb\":{\"@id\":\"https:\/\/www.egibide.org\/eu\/hezkuntza-eskaintza\/formacion-profesional-basica\/servicios-comerciales\/#breadcrumb\"},\"inLanguage\":\"eu-ES\",\"potentialAction\":[{\"@type\":\"ReadAction\",\"target\":[\"https:\/\/www.egibide.org\/eu\/hezkuntza-eskaintza\/formacion-profesional-basica\/servicios-comerciales\/\"]}]},{\"@type\":\"BreadcrumbList\",\"@id\":\"https:\/\/www.egibide.org\/eu\/hezkuntza-eskaintza\/formacion-profesional-basica\/servicios-comerciales\/#breadcrumb\",\"itemListElement\":[{\"@type\":\"ListItem\",\"position\":1,\"name\":\"Hezkuntza Eskaintza\",\"item\":\"https:\/\/www.egibide.org\/eu\/hezkuntza-eskaintza\/\"},{\"@type\":\"ListItem\",\"position\":2,\"name\":\"Oinarrizko Lanbide Heziketa\",\"item\":\"https:\/\/www.egibide.org\/eu\/hezkuntza-eskaintza\/formacion-profesional-basica\/\"},{\"@type\":\"ListItem\",\"position\":3,\"name\":\"Merkataritza zerbitzuak\"}]},{\"@type\":\"WebSite\",\"@id\":\"https:\/\/www.egibide.org\/#website\",\"url\":\"https:\/\/www.egibide.org\/\",\"name\":\"egibide.org\",\"description\":\"Educaci\u00f3n Secundaria y Formaci\u00f3n Profesional\",\"publisher\":{\"@id\":\"https:\/\/www.egibide.org\/#organization\"},\"potentialAction\":[{\"@type\":\"SearchAction\",\"target\":{\"@type\":\"EntryPoint\",\"urlTemplate\":\"https:\/\/www.egibide.org\/?s={search_term_string}\"},\"query-input\":{\"@type\":\"PropertyValueSpecification\",\"valueRequired\":true,\"valueName\":\"search_term_string\"}}],\"inLanguage\":\"eu-ES\"},{\"@type\":\"Organization\",\"@id\":\"https:\/\/www.egibide.org\/#organization\",\"name\":\"Egibide\",\"url\":\"https:\/\/www.egibide.org\/\",\"logo\":{\"@type\":\"ImageObject\",\"inLanguage\":\"eu-ES\",\"@id\":\"https:\/\/www.egibide.org\/#\/schema\/logo\/image\/\",\"url\":\"https:\/\/www.egibide.org\/file\/2019\/07\/logo_egibide_cuadrado-copia.jpg\",\"contentUrl\":\"https:\/\/www.egibide.org\/file\/2019\/07\/logo_egibide_cuadrado-copia.jpg\",\"width\":1696,\"height\":701,\"caption\":\"Egibide\"},\"image\":{\"@id\":\"https:\/\/www.egibide.org\/#\/schema\/logo\/image\/\"},\"sameAs\":[\"https:\/\/www.facebook.com\/Egibide\/\",\"https:\/\/x.com\/egibide\",\"https:\/\/www.youtube.com\/user\/Egibide\"]}]}<\/script>\n<!-- \/ Yoast SEO plugin. -->","yoast_head_json":{"title":"Merkataritza zerbitzuak - egibide.org","robots":{"index":"index","follow":"follow","max-snippet":"max-snippet:-1","max-image-preview":"max-image-preview:large","max-video-preview":"max-video-preview:-1"},"canonical":"https:\/\/www.egibide.org\/eu\/hezkuntza-eskaintza\/formacion-profesional-basica\/servicios-comerciales\/","og_locale":"eu_ES","og_type":"article","og_title":"Merkataritza zerbitzuak - egibide.org","og_url":"https:\/\/www.egibide.org\/eu\/hezkuntza-eskaintza\/formacion-profesional-basica\/servicios-comerciales\/","og_site_name":"egibide.org","article_publisher":"https:\/\/www.facebook.com\/Egibide\/","article_modified_time":"2018-01-24T11:50:56+00:00","schema":{"@context":"https:\/\/schema.org","@graph":[{"@type":"WebPage","@id":"https:\/\/www.egibide.org\/eu\/hezkuntza-eskaintza\/formacion-profesional-basica\/servicios-comerciales\/","url":"https:\/\/www.egibide.org\/eu\/hezkuntza-eskaintza\/formacion-profesional-basica\/servicios-comerciales\/","name":"Merkataritza zerbitzuak - egibide.org","isPartOf":{"@id":"https:\/\/www.egibide.org\/#website"},"datePublished":"2017-09-15T11:30:58+00:00","dateModified":"2018-01-24T11:50:56+00:00","breadcrumb":{"@id":"https:\/\/www.egibide.org\/eu\/hezkuntza-eskaintza\/formacion-profesional-basica\/servicios-comerciales\/#breadcrumb"},"inLanguage":"eu-ES","potentialAction":[{"@type":"ReadAction","target":["https:\/\/www.egibide.org\/eu\/hezkuntza-eskaintza\/formacion-profesional-basica\/servicios-comerciales\/"]}]},{"@type":"BreadcrumbList","@id":"https:\/\/www.egibide.org\/eu\/hezkuntza-eskaintza\/formacion-profesional-basica\/servicios-comerciales\/#breadcrumb","itemListElement":[{"@type":"ListItem","position":1,"name":"Hezkuntza Eskaintza","item":"https:\/\/www.egibide.org\/eu\/hezkuntza-eskaintza\/"},{"@type":"ListItem","position":2,"name":"Oinarrizko Lanbide Heziketa","item":"https:\/\/www.egibide.org\/eu\/hezkuntza-eskaintza\/formacion-profesional-basica\/"},{"@type":"ListItem","position":3,"name":"Merkataritza zerbitzuak"}]},{"@type":"WebSite","@id":"https:\/\/www.egibide.org\/#website","url":"https:\/\/www.egibide.org\/","name":"egibide.org","description":"Educaci\u00f3n Secundaria y Formaci\u00f3n Profesional","publisher":{"@id":"https:\/\/www.egibide.org\/#organization"},"potentialAction":[{"@type":"SearchAction","target":{"@type":"EntryPoint","urlTemplate":"https:\/\/www.egibide.org\/?s={search_term_string}"},"query-input":{"@type":"PropertyValueSpecification","valueRequired":true,"valueName":"search_term_string"}}],"inLanguage":"eu-ES"},{"@type":"Organization","@id":"https:\/\/www.egibide.org\/#organization","name":"Egibide","url":"https:\/\/www.egibide.org\/","logo":{"@type":"ImageObject","inLanguage":"eu-ES","@id":"https:\/\/www.egibide.org\/#\/schema\/logo\/image\/","url":"https:\/\/www.egibide.org\/file\/2019\/07\/logo_egibide_cuadrado-copia.jpg","contentUrl":"https:\/\/www.egibide.org\/file\/2019\/07\/logo_egibide_cuadrado-copia.jpg","width":1696,"height":701,"caption":"Egibide"},"image":{"@id":"https:\/\/www.egibide.org\/#\/schema\/logo\/image\/"},"sameAs":["https:\/\/www.facebook.com\/Egibide\/","https:\/\/x.com\/egibide","https:\/\/www.youtube.com\/user\/Egibide"]}]}},"_links":{"self":[{"href":"https:\/\/www.egibide.org\/eu\/wp-json\/wp\/v2\/pages\/4648","targetHints":{"allow":["GET"]}}],"collection":[{"href":"https:\/\/www.egibide.org\/eu\/wp-json\/wp\/v2\/pages"}],"about":[{"href":"https:\/\/www.egibide.org\/eu\/wp-json\/wp\/v2\/types\/page"}],"author":[{"embeddable":true,"href":"https:\/\/www.egibide.org\/eu\/wp-json\/wp\/v2\/users\/8"}],"replies":[{"embeddable":true,"href":"https:\/\/www.egibide.org\/eu\/wp-json\/wp\/v2\/comments?post=4648"}],"version-history":[{"count":0,"href":"https:\/\/www.egibide.org\/eu\/wp-json\/wp\/v2\/pages\/4648\/revisions"}],"up":[{"embeddable":true,"href":"https:\/\/www.egibide.org\/eu\/wp-json\/wp\/v2\/pages\/4291"}],"wp:attachment":[{"href":"https:\/\/www.egibide.org\/eu\/wp-json\/wp\/v2\/media?parent=4648"}],"curies":[{"name":"wp","href":"https:\/\/api.w.org\/{rel}","templated":true}]}}