{"id":8370,"date":"2018-01-11T18:59:52","date_gmt":"2018-01-11T17:59:52","guid":{"rendered":"http:\/\/www.egibide.org\/hezkuntza-eskaintza\/bachillerato\/modalidad-humanidades-ciencias-sociales\/"},"modified":"2020-07-14T12:08:40","modified_gmt":"2020-07-14T10:08:40","slug":"modalidad-humanidades-ciencias-sociales","status":"publish","type":"page","link":"https:\/\/www.egibide.org\/eu\/hezkuntza-eskaintza\/bachillerato\/modalidad-humanidades-ciencias-sociales\/","title":{"rendered":"Humanistiko eta Giza Gizarte Zientziak"},"content":{"rendered":"<div class='flex_column_table av-ed35ci-75f7068afc93cc117aa1982fc6ee9f55 sc-av_one_half av-equal-height-column-flextable'>\n<style type=\"text\/css\" data-created_by=\"avia_inline_auto\" id=\"style-css-av-ed35ci-75f7068afc93cc117aa1982fc6ee9f55\">\n#top .flex_column_table.av-equal-height-column-flextable.av-ed35ci-75f7068afc93cc117aa1982fc6ee9f55{\nmargin-top:0px;\nmargin-bottom:0px;\n}\n.flex_column.av-ed35ci-75f7068afc93cc117aa1982fc6ee9f55{\nborder-radius:0px 0px 0px 0px;\n-webkit-border-radius:0px 0px 0px 0px;\n-moz-border-radius:0px 0px 0px 0px;\npadding:10px 10px 10px 10px;\nbackground-color:#f7f7f7;\n}\n<\/style>\n<div class='flex_column av-ed35ci-75f7068afc93cc117aa1982fc6ee9f55 av_one_half  avia-builder-el-0  el_before_av_one_half  avia-builder-el-first  first no_margin flex_column_table_cell av-equal-height-column av-align-middle '   ><section class=\"av_textblock_section \"  itemscope=\"itemscope\" itemtype=\"https:\/\/schema.org\/CreativeWork\" ><div class='avia_textblock  '   itemprop=\"text\" ><h2>Humanistiko eta Giza Gizarte Zientziak<\/h2>\n<\/div><\/section><\/div>\n\n<style type=\"text\/css\" data-created_by=\"avia_inline_auto\" id=\"style-css-av-a4kyqq-a3653325516832ca651a3093e69b77ef\">\n#top .flex_column_table.av-equal-height-column-flextable.av-a4kyqq-a3653325516832ca651a3093e69b77ef{\nmargin-top:0px;\nmargin-bottom:0px;\n}\n.flex_column.av-a4kyqq-a3653325516832ca651a3093e69b77ef{\nborder-radius:0px 0px 0px 0px;\n-webkit-border-radius:0px 0px 0px 0px;\n-moz-border-radius:0px 0px 0px 0px;\npadding:10px 10px 10px 10px;\nbackground-color:#f7f7f7;\n}\n<\/style>\n<div class='flex_column av-a4kyqq-a3653325516832ca651a3093e69b77ef av_one_half  avia-builder-el-2  el_after_av_one_half  el_before_av_hr  no_margin flex_column_table_cell av-equal-height-column av-align-middle '   ><div  class='avia-button-wrap avia-button-center  avia-builder-el-3  avia-builder-el-no-sibling ' ><a href='https:\/\/www.egibide.org\/file\/2020\/02\/cuadernillo-humanistico-2020-2021.pdf'  class='avia-button av-jialv2a0-151d80e92acf0ac3406761a172012e93 avia-icon_select-yes-left-icon avia-size-small avia-position-center avia-color-theme-color ' ><span class='avia_button_icon avia_button_icon_left' aria-hidden='true' data-av_icon='\ue84b' data-av_iconfont='entypo-fontello'><\/span><span class='avia_iconbox_title' >Klik egin hemen, informazio gehiago<\/span><\/a><\/div><\/div><\/div><!--close column table wrapper. Autoclose: 1 -->\n\n<style type=\"text\/css\" data-created_by=\"avia_inline_auto\" id=\"style-css-av-9859pe-2ef85ec7fe96dca89f17169853470140\">\n#top .hr.hr-invisible.av-9859pe-2ef85ec7fe96dca89f17169853470140{\nheight:25px;\n}\n<\/style>\n<div  class='hr av-9859pe-2ef85ec7fe96dca89f17169853470140 hr-invisible  avia-builder-el-4  el_after_av_one_half  el_before_av_one_half  '><span class='hr-inner '><span class=\"hr-inner-style\"><\/span><\/span><\/div>\n\n<style type=\"text\/css\" data-created_by=\"avia_inline_auto\" id=\"style-css-av-7q1e8y-3e24931fe7706a5f9ae1caa72097dc0e\">\n#top .flex_column.av-7q1e8y-3e24931fe7706a5f9ae1caa72097dc0e{\nmargin-top:0px;\nmargin-bottom:0px;\n}\n.flex_column.av-7q1e8y-3e24931fe7706a5f9ae1caa72097dc0e{\nborder-radius:0px 0px 0px 0px;\n-webkit-border-radius:0px 0px 0px 0px;\n-moz-border-radius:0px 0px 0px 0px;\n}\n.responsive #top #wrap_all .flex_column.av-7q1e8y-3e24931fe7706a5f9ae1caa72097dc0e{\nmargin-top:0px;\nmargin-bottom:0px;\n}\n<\/style>\n<div class='flex_column av-7q1e8y-3e24931fe7706a5f9ae1caa72097dc0e av_one_half  avia-builder-el-5  el_after_av_hr  el_before_av_one_half  first flex_column_div av-zero-column-padding '   ><section class=\"av_textblock_section \"  itemscope=\"itemscope\" itemtype=\"https:\/\/schema.org\/CreativeWork\" ><div class='avia_textblock  '   itemprop=\"text\" ><h5>Non ikasi?<\/h5>\n<ul>\n<li>Jes\u00fas Obrero \/ D, B eta A eredua.<\/li>\n<\/ul>\n<h5>Nola sartu?<\/h5>\n<ul>\n<li>DBH gainditu ondoren.<\/li>\n<li>Zer ikasten da?<\/li>\n<li>Amankomuneko, modalitateko eta espezifiko ikasgaiak.<\/li>\n<li>Teknologiko, zientifiko eta humanistiko ibilbidea.<\/li>\n<li>Metodologia berriak aurrera eramanez.<\/li>\n<\/ul>\n<h5>Zer ikasi ahal dut amaitu ondoren?<\/h5>\n<ul>\n<li>Goi mailako ziklo bat.<\/li>\n<li>Gradu bat.<\/li>\n<\/ul>\n<\/div><\/section><\/div>\n<style type=\"text\/css\" data-created_by=\"avia_inline_auto\" id=\"style-css-av-4bg8si-b2dbba9db8b4fff663be1302313591b0\">\n#top .flex_column.av-4bg8si-b2dbba9db8b4fff663be1302313591b0{\nmargin-top:0px;\nmargin-bottom:0px;\n}\n.flex_column.av-4bg8si-b2dbba9db8b4fff663be1302313591b0{\nborder-radius:0px 0px 0px 0px;\n-webkit-border-radius:0px 0px 0px 0px;\n-moz-border-radius:0px 0px 0px 0px;\n}\n.responsive #top #wrap_all .flex_column.av-4bg8si-b2dbba9db8b4fff663be1302313591b0{\nmargin-top:0px;\nmargin-bottom:0px;\n}\n<\/style>\n<div class='flex_column av-4bg8si-b2dbba9db8b4fff663be1302313591b0 av_one_half  avia-builder-el-7  el_after_av_one_half  avia-builder-el-last  flex_column_div av-zero-column-padding '   ><section class=\"av_textblock_section \"  itemscope=\"itemscope\" itemtype=\"https:\/\/schema.org\/CreativeWork\" ><div class='avia_textblock  '   itemprop=\"text\" ><h5>Zer gehiago?<\/h5>\n<ul>\n<li><a href=\"http:\/\/www.egibide.org\/eu\/hezkuntza-eskaintza\/goi-mailako-heziketa-zikloa\/\"> LH<\/a> eta <a href=\"http:\/\/www.deusto.eus\/cs\/Satellite\/deusto\/eu\/deustuko-unibertsitatea-2\/ikasle-berriak-graduak\/ikasketak-graduak\/industria-digitala\/programa?cambioidioma=si&amp;_ga=2.34295457.1869627573.1516017514-1404915374.1516017514\">Unibertsitarekin<\/a> konexioa erreala eta zuzena.<\/li>\n<li>Tutoretza pertsonalizatua.<\/li>\n<li><a href=\"http:\/\/www.egibide.org\/eu\/hezkuntza-eskaintza\/orientacion\/\">Orientatzaile taldea campus bakoitzean<\/a>.<\/li>\n<li>Eskolaldi jarraitua.<\/li>\n<li>Hezkuntza ibilbide osoa:\u00a0\u00a0 DBH &#8211; Batxilergoa &#8211; EMHZ &#8211; GMHZ.<\/li>\n<li>Hazkunde pertsonaleko tailerrak, boluntariotza, pastoral eta ekintza solidarioak.<\/li>\n<li>Cambridge-ko azterketa ofizialak eta FIRST eta EGA prestatzeko taldeak.<\/li>\n<li>Murgiltze linguistikoa (Erresuma Batuan) eta ikasle-trukeak (Alemanian).<\/li>\n<\/ul>\n<p>Gure geletan, beste batzuen artean, Vitoria-Gasteiz, Agurain, Trevi\u00f1o, Alegr\u00eda-Dulantzi, Iru\u00f1a de Oca, Araia, Izarra, Arrasate edo Murgiatik datozen gazteak ikasten dute.<\/p>\n<\/div><\/section><\/div><\/p>\n","protected":false},"excerpt":{"rendered":"","protected":false},"author":8,"featured_media":0,"parent":4285,"menu_order":0,"comment_status":"closed","ping_status":"closed","template":"template-sitemap.php","meta":{"_acf_changed":false,"footnotes":""},"class_list":["post-8370","page","type-page","status-publish","hentry"],"acf":{"tituloasdasdasd":"HEZKUNTZA ESKAINTZA","descripcion23":"Derrigorrezko Bigarren Hezkuntza (DBH), Batxilergo eta Lanbide Heziketako 13 familia ezberdin emateaz gain, Oinarrizko Lanbide Heziketa, Zereginen Ikaskuntza Gela eta Enplegurako Prestakuntzarako ikastaroak ere eskaintzen ditugu.","cabecera":8309,"color_fondo":"#81005d","color_text_sd":"#ffffff","popup_activem":false,"compartir_p12":false,"titulo_soc12p":"Comparte este curso","popup_egi":null,"crea_menu_visual_oferta_educativa":null},"yoast_head":"<!-- This site is optimized with the Yoast SEO plugin v27.0 - https:\/\/yoast.com\/product\/yoast-seo-wordpress\/ -->\n<title>Humanistiko eta Giza Gizarte Zientziak - egibide.org<\/title>\n<meta name=\"robots\" content=\"index, follow, max-snippet:-1, max-image-preview:large, max-video-preview:-1\" \/>\n<link rel=\"canonical\" href=\"https:\/\/www.egibide.org\/eu\/hezkuntza-eskaintza\/bachillerato\/modalidad-humanidades-ciencias-sociales\/\" \/>\n<meta property=\"og:locale\" content=\"eu_ES\" \/>\n<meta property=\"og:type\" content=\"article\" \/>\n<meta property=\"og:title\" content=\"Humanistiko eta Giza Gizarte Zientziak - egibide.org\" \/>\n<meta property=\"og:url\" content=\"https:\/\/www.egibide.org\/eu\/hezkuntza-eskaintza\/bachillerato\/modalidad-humanidades-ciencias-sociales\/\" \/>\n<meta property=\"og:site_name\" content=\"egibide.org\" \/>\n<meta property=\"article:publisher\" content=\"https:\/\/www.facebook.com\/Egibide\/\" \/>\n<meta property=\"article:modified_time\" content=\"2020-07-14T10:08:40+00:00\" \/>\n<script type=\"application\/ld+json\" class=\"yoast-schema-graph\">{\"@context\":\"https:\/\/schema.org\",\"@graph\":[{\"@type\":\"WebPage\",\"@id\":\"https:\/\/www.egibide.org\/eu\/hezkuntza-eskaintza\/bachillerato\/modalidad-humanidades-ciencias-sociales\/\",\"url\":\"https:\/\/www.egibide.org\/eu\/hezkuntza-eskaintza\/bachillerato\/modalidad-humanidades-ciencias-sociales\/\",\"name\":\"Humanistiko eta Giza Gizarte Zientziak - egibide.org\",\"isPartOf\":{\"@id\":\"https:\/\/www.egibide.org\/#website\"},\"datePublished\":\"2018-01-11T17:59:52+00:00\",\"dateModified\":\"2020-07-14T10:08:40+00:00\",\"breadcrumb\":{\"@id\":\"https:\/\/www.egibide.org\/eu\/hezkuntza-eskaintza\/bachillerato\/modalidad-humanidades-ciencias-sociales\/#breadcrumb\"},\"inLanguage\":\"eu-ES\",\"potentialAction\":[{\"@type\":\"ReadAction\",\"target\":[\"https:\/\/www.egibide.org\/eu\/hezkuntza-eskaintza\/bachillerato\/modalidad-humanidades-ciencias-sociales\/\"]}]},{\"@type\":\"BreadcrumbList\",\"@id\":\"https:\/\/www.egibide.org\/eu\/hezkuntza-eskaintza\/bachillerato\/modalidad-humanidades-ciencias-sociales\/#breadcrumb\",\"itemListElement\":[{\"@type\":\"ListItem\",\"position\":1,\"name\":\"Hezkuntza Eskaintza\",\"item\":\"https:\/\/www.egibide.org\/eu\/hezkuntza-eskaintza\/\"},{\"@type\":\"ListItem\",\"position\":2,\"name\":\"Batxilergoa\",\"item\":\"https:\/\/www.egibide.org\/eu\/hezkuntza-eskaintza\/bachillerato\/\"},{\"@type\":\"ListItem\",\"position\":3,\"name\":\"Humanistiko eta Giza Gizarte Zientziak\"}]},{\"@type\":\"WebSite\",\"@id\":\"https:\/\/www.egibide.org\/#website\",\"url\":\"https:\/\/www.egibide.org\/\",\"name\":\"egibide.org\",\"description\":\"Educaci\u00f3n Secundaria y Formaci\u00f3n Profesional\",\"publisher\":{\"@id\":\"https:\/\/www.egibide.org\/#organization\"},\"potentialAction\":[{\"@type\":\"SearchAction\",\"target\":{\"@type\":\"EntryPoint\",\"urlTemplate\":\"https:\/\/www.egibide.org\/?s={search_term_string}\"},\"query-input\":{\"@type\":\"PropertyValueSpecification\",\"valueRequired\":true,\"valueName\":\"search_term_string\"}}],\"inLanguage\":\"eu-ES\"},{\"@type\":\"Organization\",\"@id\":\"https:\/\/www.egibide.org\/#organization\",\"name\":\"Egibide\",\"url\":\"https:\/\/www.egibide.org\/\",\"logo\":{\"@type\":\"ImageObject\",\"inLanguage\":\"eu-ES\",\"@id\":\"https:\/\/www.egibide.org\/#\/schema\/logo\/image\/\",\"url\":\"https:\/\/www.egibide.org\/file\/2019\/07\/logo_egibide_cuadrado-copia.jpg\",\"contentUrl\":\"https:\/\/www.egibide.org\/file\/2019\/07\/logo_egibide_cuadrado-copia.jpg\",\"width\":1696,\"height\":701,\"caption\":\"Egibide\"},\"image\":{\"@id\":\"https:\/\/www.egibide.org\/#\/schema\/logo\/image\/\"},\"sameAs\":[\"https:\/\/www.facebook.com\/Egibide\/\",\"https:\/\/x.com\/egibide\",\"https:\/\/www.youtube.com\/user\/Egibide\"]}]}<\/script>\n<!-- \/ Yoast SEO plugin. -->","yoast_head_json":{"title":"Humanistiko eta Giza Gizarte Zientziak - egibide.org","robots":{"index":"index","follow":"follow","max-snippet":"max-snippet:-1","max-image-preview":"max-image-preview:large","max-video-preview":"max-video-preview:-1"},"canonical":"https:\/\/www.egibide.org\/eu\/hezkuntza-eskaintza\/bachillerato\/modalidad-humanidades-ciencias-sociales\/","og_locale":"eu_ES","og_type":"article","og_title":"Humanistiko eta Giza Gizarte Zientziak - egibide.org","og_url":"https:\/\/www.egibide.org\/eu\/hezkuntza-eskaintza\/bachillerato\/modalidad-humanidades-ciencias-sociales\/","og_site_name":"egibide.org","article_publisher":"https:\/\/www.facebook.com\/Egibide\/","article_modified_time":"2020-07-14T10:08:40+00:00","schema":{"@context":"https:\/\/schema.org","@graph":[{"@type":"WebPage","@id":"https:\/\/www.egibide.org\/eu\/hezkuntza-eskaintza\/bachillerato\/modalidad-humanidades-ciencias-sociales\/","url":"https:\/\/www.egibide.org\/eu\/hezkuntza-eskaintza\/bachillerato\/modalidad-humanidades-ciencias-sociales\/","name":"Humanistiko eta Giza Gizarte Zientziak - egibide.org","isPartOf":{"@id":"https:\/\/www.egibide.org\/#website"},"datePublished":"2018-01-11T17:59:52+00:00","dateModified":"2020-07-14T10:08:40+00:00","breadcrumb":{"@id":"https:\/\/www.egibide.org\/eu\/hezkuntza-eskaintza\/bachillerato\/modalidad-humanidades-ciencias-sociales\/#breadcrumb"},"inLanguage":"eu-ES","potentialAction":[{"@type":"ReadAction","target":["https:\/\/www.egibide.org\/eu\/hezkuntza-eskaintza\/bachillerato\/modalidad-humanidades-ciencias-sociales\/"]}]},{"@type":"BreadcrumbList","@id":"https:\/\/www.egibide.org\/eu\/hezkuntza-eskaintza\/bachillerato\/modalidad-humanidades-ciencias-sociales\/#breadcrumb","itemListElement":[{"@type":"ListItem","position":1,"name":"Hezkuntza Eskaintza","item":"https:\/\/www.egibide.org\/eu\/hezkuntza-eskaintza\/"},{"@type":"ListItem","position":2,"name":"Batxilergoa","item":"https:\/\/www.egibide.org\/eu\/hezkuntza-eskaintza\/bachillerato\/"},{"@type":"ListItem","position":3,"name":"Humanistiko eta Giza Gizarte Zientziak"}]},{"@type":"WebSite","@id":"https:\/\/www.egibide.org\/#website","url":"https:\/\/www.egibide.org\/","name":"egibide.org","description":"Educaci\u00f3n Secundaria y Formaci\u00f3n Profesional","publisher":{"@id":"https:\/\/www.egibide.org\/#organization"},"potentialAction":[{"@type":"SearchAction","target":{"@type":"EntryPoint","urlTemplate":"https:\/\/www.egibide.org\/?s={search_term_string}"},"query-input":{"@type":"PropertyValueSpecification","valueRequired":true,"valueName":"search_term_string"}}],"inLanguage":"eu-ES"},{"@type":"Organization","@id":"https:\/\/www.egibide.org\/#organization","name":"Egibide","url":"https:\/\/www.egibide.org\/","logo":{"@type":"ImageObject","inLanguage":"eu-ES","@id":"https:\/\/www.egibide.org\/#\/schema\/logo\/image\/","url":"https:\/\/www.egibide.org\/file\/2019\/07\/logo_egibide_cuadrado-copia.jpg","contentUrl":"https:\/\/www.egibide.org\/file\/2019\/07\/logo_egibide_cuadrado-copia.jpg","width":1696,"height":701,"caption":"Egibide"},"image":{"@id":"https:\/\/www.egibide.org\/#\/schema\/logo\/image\/"},"sameAs":["https:\/\/www.facebook.com\/Egibide\/","https:\/\/x.com\/egibide","https:\/\/www.youtube.com\/user\/Egibide"]}]}},"_links":{"self":[{"href":"https:\/\/www.egibide.org\/eu\/wp-json\/wp\/v2\/pages\/8370","targetHints":{"allow":["GET"]}}],"collection":[{"href":"https:\/\/www.egibide.org\/eu\/wp-json\/wp\/v2\/pages"}],"about":[{"href":"https:\/\/www.egibide.org\/eu\/wp-json\/wp\/v2\/types\/page"}],"author":[{"embeddable":true,"href":"https:\/\/www.egibide.org\/eu\/wp-json\/wp\/v2\/users\/8"}],"replies":[{"embeddable":true,"href":"https:\/\/www.egibide.org\/eu\/wp-json\/wp\/v2\/comments?post=8370"}],"version-history":[{"count":0,"href":"https:\/\/www.egibide.org\/eu\/wp-json\/wp\/v2\/pages\/8370\/revisions"}],"up":[{"embeddable":true,"href":"https:\/\/www.egibide.org\/eu\/wp-json\/wp\/v2\/pages\/4285"}],"wp:attachment":[{"href":"https:\/\/www.egibide.org\/eu\/wp-json\/wp\/v2\/media?parent=8370"}],"curies":[{"name":"wp","href":"https:\/\/api.w.org\/{rel}","templated":true}]}}